{"id":12060,"date":"2022-09-09T12:38:49","date_gmt":"2022-09-09T10:38:49","guid":{"rendered":"https:\/\/www.cadirajo.it\/?post_type=product&#038;p=12060"},"modified":"2025-02-19T14:37:58","modified_gmt":"2025-02-19T13:37:58","slug":"blanc-de-noirs-nv-grand-cru-extra-brut-paul-dethune","status":"publish","type":"product","link":"https:\/\/www.cadirajo.it\/it\/prodotto\/blanc-de-noirs-nv-grand-cru-extra-brut-paul-dethune\/","title":{"rendered":"Blanc de Noirs NV Grand Cru Extra Brut &#8211; Paul D\u00e9thune"},"content":{"rendered":"<p>Dal 1610, la casa e i vigneti di Champagne Paul D\u00e9thune si trovano nel villaggio di Ambonnay, nella regione dello Champagne. Questa storica maison \u00e8 oggi parte del circuito dei <em><strong>Vigneron Indipendent<\/strong><\/em> produce una gamma di 10 champagne 100% Grand Cru. Negli ultimi anni Paul D\u00e9thune sta svolgendo un grande lavoro in vigna per convertire l&#8217;intera produzione di uva al biologico.<\/p>\n<p>Lo champagne Blanc de Noirs NV Grand Cru Extra Bru \u00e8 100% Pinot Nero e presenta un dosaggio di 5 g\/l. Il 33% del vino vien affinato in botti di rovere (32 hl), 33% in barili di rovere (205 l), mentre il restante 34% \u00e8 costituito da vino riserva<\/p>\n","protected":false},"excerpt":{"rendered":"Champagne 100% Pinot Nero di 34% vino riserva","protected":false},"featured_media":11660,"comment_status":"open","ping_status":"closed","template":"","meta":{"jetpack_publicize_message":"","jetpack_publicize_feature_enabled":true,"jetpack_social_post_already_shared":false,"jetpack_social_options":{"image_generator_settings":{"template":"highway","enabled":false},"version":2}},"product_cat":[10115,10114],"product_tag":[10119],"class_list":{"0":"post-12060","1":"product","2":"type-product","3":"status-publish","4":"has-post-thumbnail","6":"stile-fruttato","7":"occasione-aperitivo","8":"occasione-formaggi","9":"occasione-pesce","10":"brand-paul-dethune","11":"product_cat-altri-vini-selezionati","12":"product_cat-champagne","13":"product_tag-paul-dethune","14":"pa_confezione-confezione-da-1-bottiglia","15":"pa_formato-10020","17":"first","18":"outofstock","19":"taxable","20":"shipping-taxable","21":"purchasable","22":"product-type-variable","23":"has-default-attributes"},"jetpack_publicize_connections":[],"yoast_head":"<!-- This site is optimized with the Yoast SEO plugin v23.3 - https:\/\/yoast.com\/wordpress\/plugins\/seo\/ -->\n<title>Blanc de Noirs NV Grand Cru Extra Brut - Paul D\u00e9thune<\/title>\n<meta name=\"description\" content=\"Eccellente champagne 100% Pinot Nero Extra Brut. Realizzato con vini affinati in botte e barile e 34% di vino riserva\" \/>\n<meta name=\"robots\" content=\"index, follow, max-snippet:-1, max-image-preview:large, max-video-preview:-1\" \/>\n<link rel=\"canonical\" href=\"https:\/\/www.cadirajo.it\/it\/prodotto\/blanc-de-noirs-nv-grand-cru-extra-brut-paul-dethune\/\" \/>\n<meta property=\"og:locale\" content=\"it_IT\" \/>\n<meta property=\"og:type\" content=\"article\" \/>\n<meta property=\"og:title\" content=\"Blanc de Noirs NV Grand Cru Extra Brut - Paul D\u00e9thune\" \/>\n<meta property=\"og:description\" content=\"Eccellente champagne 100% Pinot Nero Extra Brut. Realizzato con vini affinati in botte e barile e 34% di vino riserva\" \/>\n<meta property=\"og:url\" content=\"https:\/\/www.cadirajo.it\/it\/prodotto\/blanc-de-noirs-nv-grand-cru-extra-brut-paul-dethune\/\" \/>\n<meta property=\"og:site_name\" content=\"Ca&#039; di Rajo Vini\" \/>\n<meta property=\"article:modified_time\" content=\"2025-02-19T13:37:58+00:00\" \/>\n<meta property=\"og:image\" content=\"https:\/\/www.cadirajo.it\/wp-content\/uploads\/2022\/06\/Paul-Dethune-Blanc-De-Noirs-NV-shop.png\" \/>\n\t<meta property=\"og:image:width\" content=\"700\" \/>\n\t<meta property=\"og:image:height\" content=\"700\" \/>\n\t<meta property=\"og:image:type\" content=\"image\/png\" \/>\n<meta name=\"twitter:card\" content=\"summary_large_image\" \/>\n<meta name=\"twitter:label1\" content=\"Tempo di lettura stimato\" \/>\n\t<meta name=\"twitter:data1\" content=\"1 minuto\" \/>\n<script type=\"application\/ld+json\" class=\"yoast-schema-graph\">{\"@context\":\"https:\/\/schema.org\",\"@graph\":[{\"@type\":\"WebPage\",\"@id\":\"https:\/\/www.cadirajo.it\/it\/prodotto\/blanc-de-noirs-nv-grand-cru-extra-brut-paul-dethune\/\",\"url\":\"https:\/\/www.cadirajo.it\/it\/prodotto\/blanc-de-noirs-nv-grand-cru-extra-brut-paul-dethune\/\",\"name\":\"Blanc de Noirs NV Grand Cru Extra Brut - Paul D\u00e9thune\",\"isPartOf\":{\"@id\":\"https:\/\/www.cadirajo.it\/it\/#website\"},\"primaryImageOfPage\":{\"@id\":\"https:\/\/www.cadirajo.it\/it\/prodotto\/blanc-de-noirs-nv-grand-cru-extra-brut-paul-dethune\/#primaryimage\"},\"image\":{\"@id\":\"https:\/\/www.cadirajo.it\/it\/prodotto\/blanc-de-noirs-nv-grand-cru-extra-brut-paul-dethune\/#primaryimage\"},\"thumbnailUrl\":\"https:\/\/www.cadirajo.it\/wp-content\/uploads\/2022\/06\/Paul-Dethune-Blanc-De-Noirs-NV-shop.png\",\"datePublished\":\"2022-09-09T10:38:49+00:00\",\"dateModified\":\"2025-02-19T13:37:58+00:00\",\"description\":\"Eccellente champagne 100% Pinot Nero Extra Brut. Realizzato con vini affinati in botte e barile e 34% di vino riserva\",\"breadcrumb\":{\"@id\":\"https:\/\/www.cadirajo.it\/it\/prodotto\/blanc-de-noirs-nv-grand-cru-extra-brut-paul-dethune\/#breadcrumb\"},\"inLanguage\":\"it-IT\",\"potentialAction\":[{\"@type\":\"ReadAction\",\"target\":[\"https:\/\/www.cadirajo.it\/it\/prodotto\/blanc-de-noirs-nv-grand-cru-extra-brut-paul-dethune\/\"]}]},{\"@type\":\"ImageObject\",\"inLanguage\":\"it-IT\",\"@id\":\"https:\/\/www.cadirajo.it\/it\/prodotto\/blanc-de-noirs-nv-grand-cru-extra-brut-paul-dethune\/#primaryimage\",\"url\":\"https:\/\/www.cadirajo.it\/wp-content\/uploads\/2022\/06\/Paul-Dethune-Blanc-De-Noirs-NV-shop.png\",\"contentUrl\":\"https:\/\/www.cadirajo.it\/wp-content\/uploads\/2022\/06\/Paul-Dethune-Blanc-De-Noirs-NV-shop.png\",\"width\":700,\"height\":700,\"caption\":\"Champagne Paul Dethune Blanc de Noirs\"},{\"@type\":\"BreadcrumbList\",\"@id\":\"https:\/\/www.cadirajo.it\/it\/prodotto\/blanc-de-noirs-nv-grand-cru-extra-brut-paul-dethune\/#breadcrumb\",\"itemListElement\":[{\"@type\":\"ListItem\",\"position\":1,\"name\":\"Home\",\"item\":\"https:\/\/www.cadirajo.it\/it\/\"},{\"@type\":\"ListItem\",\"position\":2,\"name\":\"Shop\",\"item\":\"https:\/\/www.cadirajo.it\/it\/negozio\/\"},{\"@type\":\"ListItem\",\"position\":3,\"name\":\"Blanc de Noirs NV Grand Cru Extra Brut &#8211; Paul D\u00e9thune\"}]},{\"@type\":\"WebSite\",\"@id\":\"https:\/\/www.cadirajo.it\/it\/#website\",\"url\":\"https:\/\/www.cadirajo.it\/it\/\",\"name\":\"Ca&#039; di Rajo Vini\",\"description\":\"Raggio d&#039;ingegno\",\"potentialAction\":[{\"@type\":\"SearchAction\",\"target\":{\"@type\":\"EntryPoint\",\"urlTemplate\":\"https:\/\/www.cadirajo.it\/it\/?s={search_term_string}\"},\"query-input\":\"required name=search_term_string\"}],\"inLanguage\":\"it-IT\"}]}<\/script>\n<!-- \/ Yoast SEO plugin. -->","yoast_head_json":{"title":"Blanc de Noirs NV Grand Cru Extra Brut - Paul D\u00e9thune","description":"Eccellente champagne 100% Pinot Nero Extra Brut. Realizzato con vini affinati in botte e barile e 34% di vino riserva","robots":{"index":"index","follow":"follow","max-snippet":"max-snippet:-1","max-image-preview":"max-image-preview:large","max-video-preview":"max-video-preview:-1"},"canonical":"https:\/\/www.cadirajo.it\/it\/prodotto\/blanc-de-noirs-nv-grand-cru-extra-brut-paul-dethune\/","og_locale":"it_IT","og_type":"article","og_title":"Blanc de Noirs NV Grand Cru Extra Brut - Paul D\u00e9thune","og_description":"Eccellente champagne 100% Pinot Nero Extra Brut. Realizzato con vini affinati in botte e barile e 34% di vino riserva","og_url":"https:\/\/www.cadirajo.it\/it\/prodotto\/blanc-de-noirs-nv-grand-cru-extra-brut-paul-dethune\/","og_site_name":"Ca&#039; di Rajo Vini","article_modified_time":"2025-02-19T13:37:58+00:00","og_image":[{"width":700,"height":700,"url":"https:\/\/www.cadirajo.it\/wp-content\/uploads\/2022\/06\/Paul-Dethune-Blanc-De-Noirs-NV-shop.png","type":"image\/png"}],"twitter_card":"summary_large_image","twitter_misc":{"Tempo di lettura stimato":"1 minuto"},"schema":{"@context":"https:\/\/schema.org","@graph":[{"@type":"WebPage","@id":"https:\/\/www.cadirajo.it\/it\/prodotto\/blanc-de-noirs-nv-grand-cru-extra-brut-paul-dethune\/","url":"https:\/\/www.cadirajo.it\/it\/prodotto\/blanc-de-noirs-nv-grand-cru-extra-brut-paul-dethune\/","name":"Blanc de Noirs NV Grand Cru Extra Brut - Paul D\u00e9thune","isPartOf":{"@id":"https:\/\/www.cadirajo.it\/it\/#website"},"primaryImageOfPage":{"@id":"https:\/\/www.cadirajo.it\/it\/prodotto\/blanc-de-noirs-nv-grand-cru-extra-brut-paul-dethune\/#primaryimage"},"image":{"@id":"https:\/\/www.cadirajo.it\/it\/prodotto\/blanc-de-noirs-nv-grand-cru-extra-brut-paul-dethune\/#primaryimage"},"thumbnailUrl":"https:\/\/www.cadirajo.it\/wp-content\/uploads\/2022\/06\/Paul-Dethune-Blanc-De-Noirs-NV-shop.png","datePublished":"2022-09-09T10:38:49+00:00","dateModified":"2025-02-19T13:37:58+00:00","description":"Eccellente champagne 100% Pinot Nero Extra Brut. Realizzato con vini affinati in botte e barile e 34% di vino riserva","breadcrumb":{"@id":"https:\/\/www.cadirajo.it\/it\/prodotto\/blanc-de-noirs-nv-grand-cru-extra-brut-paul-dethune\/#breadcrumb"},"inLanguage":"it-IT","potentialAction":[{"@type":"ReadAction","target":["https:\/\/www.cadirajo.it\/it\/prodotto\/blanc-de-noirs-nv-grand-cru-extra-brut-paul-dethune\/"]}]},{"@type":"ImageObject","inLanguage":"it-IT","@id":"https:\/\/www.cadirajo.it\/it\/prodotto\/blanc-de-noirs-nv-grand-cru-extra-brut-paul-dethune\/#primaryimage","url":"https:\/\/www.cadirajo.it\/wp-content\/uploads\/2022\/06\/Paul-Dethune-Blanc-De-Noirs-NV-shop.png","contentUrl":"https:\/\/www.cadirajo.it\/wp-content\/uploads\/2022\/06\/Paul-Dethune-Blanc-De-Noirs-NV-shop.png","width":700,"height":700,"caption":"Champagne Paul Dethune Blanc de Noirs"},{"@type":"BreadcrumbList","@id":"https:\/\/www.cadirajo.it\/it\/prodotto\/blanc-de-noirs-nv-grand-cru-extra-brut-paul-dethune\/#breadcrumb","itemListElement":[{"@type":"ListItem","position":1,"name":"Home","item":"https:\/\/www.cadirajo.it\/it\/"},{"@type":"ListItem","position":2,"name":"Shop","item":"https:\/\/www.cadirajo.it\/it\/negozio\/"},{"@type":"ListItem","position":3,"name":"Blanc de Noirs NV Grand Cru Extra Brut &#8211; Paul D\u00e9thune"}]},{"@type":"WebSite","@id":"https:\/\/www.cadirajo.it\/it\/#website","url":"https:\/\/www.cadirajo.it\/it\/","name":"Ca&#039; di Rajo Vini","description":"Raggio d&#039;ingegno","potentialAction":[{"@type":"SearchAction","target":{"@type":"EntryPoint","urlTemplate":"https:\/\/www.cadirajo.it\/it\/?s={search_term_string}"},"query-input":"required name=search_term_string"}],"inLanguage":"it-IT"}]}},"jetpack_sharing_enabled":true,"_links":{"self":[{"href":"https:\/\/www.cadirajo.it\/it\/wp-json\/wp\/v2\/product\/12060"}],"collection":[{"href":"https:\/\/www.cadirajo.it\/it\/wp-json\/wp\/v2\/product"}],"about":[{"href":"https:\/\/www.cadirajo.it\/it\/wp-json\/wp\/v2\/types\/product"}],"replies":[{"embeddable":true,"href":"https:\/\/www.cadirajo.it\/it\/wp-json\/wp\/v2\/comments?post=12060"}],"wp:featuredmedia":[{"embeddable":true,"href":"https:\/\/www.cadirajo.it\/it\/wp-json\/wp\/v2\/media\/11660"}],"wp:attachment":[{"href":"https:\/\/www.cadirajo.it\/it\/wp-json\/wp\/v2\/media?parent=12060"}],"wp:term":[{"taxonomy":"product_cat","embeddable":true,"href":"https:\/\/www.cadirajo.it\/it\/wp-json\/wp\/v2\/product_cat?post=12060"},{"taxonomy":"product_tag","embeddable":true,"href":"https:\/\/www.cadirajo.it\/it\/wp-json\/wp\/v2\/product_tag?post=12060"}],"curies":[{"name":"wp","href":"https:\/\/api.w.org\/{rel}","templated":true}]}}