{"id":11943,"date":"2022-08-26T13:31:24","date_gmt":"2022-08-26T11:31:24","guid":{"rendered":"https:\/\/www.cadirajo.it\/?post_type=product&#038;p=11943"},"modified":"2023-12-20T16:54:44","modified_gmt":"2023-12-20T15:54:44","slug":"di-flabe-ribolla-gialla-doc-friuli-colli-orientali-aganis","status":"publish","type":"product","link":"https:\/\/www.cadirajo.it\/it\/prodotto\/di-flabe-ribolla-gialla-doc-friuli-colli-orientali-aganis\/","title":{"rendered":"DI FLABE Ribolla Gialla DOC Friuli Colli Orientali &#8211; Aganis"},"content":{"rendered":"<p>La Ribolla Gialla \u00e8 un vitigno simbolo del Friuli. La versione ferma di Aganis \u00e8 floreale di tiglio e glicine accompagnati da piacevoli sentori fruttati di agrumi, mela, albicocca e tracce di balsamico. DI FLABE in friulano significa &#8220;da fiaba&#8221;, perch\u00e9 la sua unicit\u00e0 si sposa perfettamente con l&#8217;anima pi\u00f9 nascosta e misteriosa del Friuli.<\/p>\n<p>Aganis rappresenta un nuovo progetto di cantina promosso dalla famiglia Cecchetto, gi\u00e0 proprietaria di Ca&#8217; di Rajo. La cantina si trova a Treppo Grande (UD) in un contesto ambientale unico, dal potenziale incredibile. I vini Aganis puntano a trasmettere le innumerevoli sfumature del Friuli: un viaggio fatto di tradizione, territorio e sostenibilit\u00e0.<\/p>\n","protected":false},"excerpt":{"rendered":"Floreale di tiglio e glicine accompagnati da piacevoli sentori fruttati.","protected":false},"featured_media":13006,"comment_status":"open","ping_status":"closed","template":"","meta":{"jetpack_publicize_message":"","jetpack_publicize_feature_enabled":true,"jetpack_social_post_already_shared":false,"jetpack_social_options":{"image_generator_settings":{"template":"highway","enabled":false},"version":2}},"product_cat":[10115,10121],"product_tag":[10124],"class_list":{"0":"post-11943","1":"product","2":"type-product","3":"status-publish","4":"has-post-thumbnail","6":"stile-fruttato","7":"stile-morbido","8":"occasione-aperitivo","9":"occasione-pesce","10":"occasione-verdure","11":"brand-aganis","12":"product_cat-altri-vini-selezionati","13":"product_cat-vino-bianco","14":"product_tag-aganis","15":"pa_confezione-confezione-da-6-bottiglie","16":"pa_confezione-confezione-da-1-bottiglia","17":"pa_formato-10020","19":"first","20":"instock","21":"taxable","22":"shipping-taxable","23":"purchasable","24":"product-type-variable","25":"has-default-attributes"},"jetpack_publicize_connections":[],"yoast_head":"<!-- This site is optimized with the Yoast SEO plugin v23.3 - https:\/\/yoast.com\/wordpress\/plugins\/seo\/ -->\n<title>DI FLABE Ribolla Gialla DOC Friuli Colli Orientali - Aganis<\/title>\n<meta name=\"description\" content=\"La Ribolla \u00e8 un vino fermo dalle spiccate note floreali e piacevoli sentori fruttati. Ottimo con piatti di pesce\" \/>\n<meta name=\"robots\" content=\"index, follow, max-snippet:-1, max-image-preview:large, max-video-preview:-1\" \/>\n<link rel=\"canonical\" href=\"https:\/\/www.cadirajo.it\/it\/prodotto\/di-flabe-ribolla-gialla-doc-friuli-colli-orientali-aganis\/\" \/>\n<meta property=\"og:locale\" content=\"it_IT\" \/>\n<meta property=\"og:type\" content=\"article\" \/>\n<meta property=\"og:title\" content=\"DI FLABE Ribolla Gialla DOC Friuli Colli Orientali - Aganis\" \/>\n<meta property=\"og:description\" content=\"La Ribolla \u00e8 un vino fermo dalle spiccate note floreali e piacevoli sentori fruttati. Ottimo con piatti di pesce\" \/>\n<meta property=\"og:url\" content=\"https:\/\/www.cadirajo.it\/it\/prodotto\/di-flabe-ribolla-gialla-doc-friuli-colli-orientali-aganis\/\" \/>\n<meta property=\"og:site_name\" content=\"Ca&#039; di Rajo Vini\" \/>\n<meta property=\"article:modified_time\" content=\"2023-12-20T15:54:44+00:00\" \/>\n<meta property=\"og:image\" content=\"https:\/\/www.cadirajo.it\/wp-content\/uploads\/2023\/08\/Ribolla-Gialla-Aganis-shop-LOGO.png\" \/>\n\t<meta property=\"og:image:width\" content=\"700\" \/>\n\t<meta property=\"og:image:height\" content=\"700\" \/>\n\t<meta property=\"og:image:type\" content=\"image\/png\" \/>\n<meta name=\"twitter:card\" content=\"summary_large_image\" \/>\n<meta name=\"twitter:label1\" content=\"Tempo di lettura stimato\" \/>\n\t<meta name=\"twitter:data1\" content=\"1 minuto\" \/>\n<script type=\"application\/ld+json\" class=\"yoast-schema-graph\">{\"@context\":\"https:\/\/schema.org\",\"@graph\":[{\"@type\":\"WebPage\",\"@id\":\"https:\/\/www.cadirajo.it\/it\/prodotto\/di-flabe-ribolla-gialla-doc-friuli-colli-orientali-aganis\/\",\"url\":\"https:\/\/www.cadirajo.it\/it\/prodotto\/di-flabe-ribolla-gialla-doc-friuli-colli-orientali-aganis\/\",\"name\":\"DI FLABE Ribolla Gialla DOC Friuli Colli Orientali - Aganis\",\"isPartOf\":{\"@id\":\"https:\/\/www.cadirajo.it\/it\/#website\"},\"primaryImageOfPage\":{\"@id\":\"https:\/\/www.cadirajo.it\/it\/prodotto\/di-flabe-ribolla-gialla-doc-friuli-colli-orientali-aganis\/#primaryimage\"},\"image\":{\"@id\":\"https:\/\/www.cadirajo.it\/it\/prodotto\/di-flabe-ribolla-gialla-doc-friuli-colli-orientali-aganis\/#primaryimage\"},\"thumbnailUrl\":\"https:\/\/www.cadirajo.it\/wp-content\/uploads\/2023\/08\/Ribolla-Gialla-Aganis-shop-LOGO.png\",\"datePublished\":\"2022-08-26T11:31:24+00:00\",\"dateModified\":\"2023-12-20T15:54:44+00:00\",\"description\":\"La Ribolla \u00e8 un vino fermo dalle spiccate note floreali e piacevoli sentori fruttati. Ottimo con piatti di pesce\",\"breadcrumb\":{\"@id\":\"https:\/\/www.cadirajo.it\/it\/prodotto\/di-flabe-ribolla-gialla-doc-friuli-colli-orientali-aganis\/#breadcrumb\"},\"inLanguage\":\"it-IT\",\"potentialAction\":[{\"@type\":\"ReadAction\",\"target\":[\"https:\/\/www.cadirajo.it\/it\/prodotto\/di-flabe-ribolla-gialla-doc-friuli-colli-orientali-aganis\/\"]}]},{\"@type\":\"ImageObject\",\"inLanguage\":\"it-IT\",\"@id\":\"https:\/\/www.cadirajo.it\/it\/prodotto\/di-flabe-ribolla-gialla-doc-friuli-colli-orientali-aganis\/#primaryimage\",\"url\":\"https:\/\/www.cadirajo.it\/wp-content\/uploads\/2023\/08\/Ribolla-Gialla-Aganis-shop-LOGO.png\",\"contentUrl\":\"https:\/\/www.cadirajo.it\/wp-content\/uploads\/2023\/08\/Ribolla-Gialla-Aganis-shop-LOGO.png\",\"width\":700,\"height\":700,\"caption\":\"Ribolla gialla Aganis\"},{\"@type\":\"BreadcrumbList\",\"@id\":\"https:\/\/www.cadirajo.it\/it\/prodotto\/di-flabe-ribolla-gialla-doc-friuli-colli-orientali-aganis\/#breadcrumb\",\"itemListElement\":[{\"@type\":\"ListItem\",\"position\":1,\"name\":\"Home\",\"item\":\"https:\/\/www.cadirajo.it\/it\/\"},{\"@type\":\"ListItem\",\"position\":2,\"name\":\"Shop\",\"item\":\"https:\/\/www.cadirajo.it\/it\/negozio\/\"},{\"@type\":\"ListItem\",\"position\":3,\"name\":\"DI FLABE Ribolla Gialla DOC Friuli Colli Orientali &#8211; Aganis\"}]},{\"@type\":\"WebSite\",\"@id\":\"https:\/\/www.cadirajo.it\/it\/#website\",\"url\":\"https:\/\/www.cadirajo.it\/it\/\",\"name\":\"Ca&#039; di Rajo Vini\",\"description\":\"Raggio d&#039;ingegno\",\"potentialAction\":[{\"@type\":\"SearchAction\",\"target\":{\"@type\":\"EntryPoint\",\"urlTemplate\":\"https:\/\/www.cadirajo.it\/it\/?s={search_term_string}\"},\"query-input\":\"required name=search_term_string\"}],\"inLanguage\":\"it-IT\"}]}<\/script>\n<!-- \/ Yoast SEO plugin. -->","yoast_head_json":{"title":"DI FLABE Ribolla Gialla DOC Friuli Colli Orientali - Aganis","description":"La Ribolla \u00e8 un vino fermo dalle spiccate note floreali e piacevoli sentori fruttati. Ottimo con piatti di pesce","robots":{"index":"index","follow":"follow","max-snippet":"max-snippet:-1","max-image-preview":"max-image-preview:large","max-video-preview":"max-video-preview:-1"},"canonical":"https:\/\/www.cadirajo.it\/it\/prodotto\/di-flabe-ribolla-gialla-doc-friuli-colli-orientali-aganis\/","og_locale":"it_IT","og_type":"article","og_title":"DI FLABE Ribolla Gialla DOC Friuli Colli Orientali - Aganis","og_description":"La Ribolla \u00e8 un vino fermo dalle spiccate note floreali e piacevoli sentori fruttati. Ottimo con piatti di pesce","og_url":"https:\/\/www.cadirajo.it\/it\/prodotto\/di-flabe-ribolla-gialla-doc-friuli-colli-orientali-aganis\/","og_site_name":"Ca&#039; di Rajo Vini","article_modified_time":"2023-12-20T15:54:44+00:00","og_image":[{"width":700,"height":700,"url":"https:\/\/www.cadirajo.it\/wp-content\/uploads\/2023\/08\/Ribolla-Gialla-Aganis-shop-LOGO.png","type":"image\/png"}],"twitter_card":"summary_large_image","twitter_misc":{"Tempo di lettura stimato":"1 minuto"},"schema":{"@context":"https:\/\/schema.org","@graph":[{"@type":"WebPage","@id":"https:\/\/www.cadirajo.it\/it\/prodotto\/di-flabe-ribolla-gialla-doc-friuli-colli-orientali-aganis\/","url":"https:\/\/www.cadirajo.it\/it\/prodotto\/di-flabe-ribolla-gialla-doc-friuli-colli-orientali-aganis\/","name":"DI FLABE Ribolla Gialla DOC Friuli Colli Orientali - Aganis","isPartOf":{"@id":"https:\/\/www.cadirajo.it\/it\/#website"},"primaryImageOfPage":{"@id":"https:\/\/www.cadirajo.it\/it\/prodotto\/di-flabe-ribolla-gialla-doc-friuli-colli-orientali-aganis\/#primaryimage"},"image":{"@id":"https:\/\/www.cadirajo.it\/it\/prodotto\/di-flabe-ribolla-gialla-doc-friuli-colli-orientali-aganis\/#primaryimage"},"thumbnailUrl":"https:\/\/www.cadirajo.it\/wp-content\/uploads\/2023\/08\/Ribolla-Gialla-Aganis-shop-LOGO.png","datePublished":"2022-08-26T11:31:24+00:00","dateModified":"2023-12-20T15:54:44+00:00","description":"La Ribolla \u00e8 un vino fermo dalle spiccate note floreali e piacevoli sentori fruttati. Ottimo con piatti di pesce","breadcrumb":{"@id":"https:\/\/www.cadirajo.it\/it\/prodotto\/di-flabe-ribolla-gialla-doc-friuli-colli-orientali-aganis\/#breadcrumb"},"inLanguage":"it-IT","potentialAction":[{"@type":"ReadAction","target":["https:\/\/www.cadirajo.it\/it\/prodotto\/di-flabe-ribolla-gialla-doc-friuli-colli-orientali-aganis\/"]}]},{"@type":"ImageObject","inLanguage":"it-IT","@id":"https:\/\/www.cadirajo.it\/it\/prodotto\/di-flabe-ribolla-gialla-doc-friuli-colli-orientali-aganis\/#primaryimage","url":"https:\/\/www.cadirajo.it\/wp-content\/uploads\/2023\/08\/Ribolla-Gialla-Aganis-shop-LOGO.png","contentUrl":"https:\/\/www.cadirajo.it\/wp-content\/uploads\/2023\/08\/Ribolla-Gialla-Aganis-shop-LOGO.png","width":700,"height":700,"caption":"Ribolla gialla Aganis"},{"@type":"BreadcrumbList","@id":"https:\/\/www.cadirajo.it\/it\/prodotto\/di-flabe-ribolla-gialla-doc-friuli-colli-orientali-aganis\/#breadcrumb","itemListElement":[{"@type":"ListItem","position":1,"name":"Home","item":"https:\/\/www.cadirajo.it\/it\/"},{"@type":"ListItem","position":2,"name":"Shop","item":"https:\/\/www.cadirajo.it\/it\/negozio\/"},{"@type":"ListItem","position":3,"name":"DI FLABE Ribolla Gialla DOC Friuli Colli Orientali &#8211; Aganis"}]},{"@type":"WebSite","@id":"https:\/\/www.cadirajo.it\/it\/#website","url":"https:\/\/www.cadirajo.it\/it\/","name":"Ca&#039; di Rajo Vini","description":"Raggio d&#039;ingegno","potentialAction":[{"@type":"SearchAction","target":{"@type":"EntryPoint","urlTemplate":"https:\/\/www.cadirajo.it\/it\/?s={search_term_string}"},"query-input":"required name=search_term_string"}],"inLanguage":"it-IT"}]}},"jetpack_sharing_enabled":true,"_links":{"self":[{"href":"https:\/\/www.cadirajo.it\/it\/wp-json\/wp\/v2\/product\/11943"}],"collection":[{"href":"https:\/\/www.cadirajo.it\/it\/wp-json\/wp\/v2\/product"}],"about":[{"href":"https:\/\/www.cadirajo.it\/it\/wp-json\/wp\/v2\/types\/product"}],"replies":[{"embeddable":true,"href":"https:\/\/www.cadirajo.it\/it\/wp-json\/wp\/v2\/comments?post=11943"}],"wp:featuredmedia":[{"embeddable":true,"href":"https:\/\/www.cadirajo.it\/it\/wp-json\/wp\/v2\/media\/13006"}],"wp:attachment":[{"href":"https:\/\/www.cadirajo.it\/it\/wp-json\/wp\/v2\/media?parent=11943"}],"wp:term":[{"taxonomy":"product_cat","embeddable":true,"href":"https:\/\/www.cadirajo.it\/it\/wp-json\/wp\/v2\/product_cat?post=11943"},{"taxonomy":"product_tag","embeddable":true,"href":"https:\/\/www.cadirajo.it\/it\/wp-json\/wp\/v2\/product_tag?post=11943"}],"curies":[{"name":"wp","href":"https:\/\/api.w.org\/{rel}","templated":true}]}}