{"id":10225,"date":"2021-11-09T20:02:25","date_gmt":"2021-11-09T19:02:25","guid":{"rendered":"http:\/\/www.cadirajo.it\/prodotto\/cabernet-sauvignon-doc-venezia-ca-di-rajo\/"},"modified":"2024-04-11T12:26:47","modified_gmt":"2024-04-11T10:26:47","slug":"cabernet-sauvignon-doc-venezia-ca-di-rajo","status":"publish","type":"product","link":"https:\/\/www.cadirajo.it\/it\/prodotto\/cabernet-sauvignon-doc-venezia-ca-di-rajo\/","title":{"rendered":"Cabernet Sauvignon DOC Venezia"},"content":{"rendered":"<p>Il <strong>Cabernet Sauvignon<\/strong> \u00e8 uno dei vini rossi pi\u00f9 conosciuti al mondo, di un bel rosso rubino con riflessi granati. La sua morbidezza \u00e8 paragonabile solo al suo aroma che richiama la confettura di more e lamponi.<\/p>\n<p>Un <strong>vino elegante<\/strong> e con un finale pieno e fruttato che si sposa alla perfezione con i piatti di carne ma che si difende bene anche con i formaggi di media stagionatura.<\/p>\n","protected":false},"excerpt":{"rendered":"Vino rosso morbido con note di mora e lamponi. Elegante con un finale pieno e fruttato.","protected":false},"featured_media":12562,"comment_status":"closed","ping_status":"closed","template":"","meta":{"jetpack_publicize_message":"","jetpack_publicize_feature_enabled":true,"jetpack_social_post_already_shared":false,"jetpack_social_options":{"image_generator_settings":{"template":"highway","enabled":false},"version":2}},"product_cat":[10024],"product_tag":[],"class_list":{"0":"post-10225","1":"product","2":"type-product","3":"status-publish","4":"has-post-thumbnail","6":"stile-fruttato","7":"stile-morbido","8":"occasione-carne","9":"occasione-formaggi","10":"product_cat-vini-rossi","11":"pa_confezione-confezione-da-6-bottiglie","12":"pa_confezione-confezione-da-1-bottiglia","13":"pa_formato-10020","15":"first","16":"instock","17":"taxable","18":"shipping-taxable","19":"purchasable","20":"product-type-variable","21":"has-default-attributes"},"jetpack_publicize_connections":[],"yoast_head":"<!-- This site is optimized with the Yoast SEO plugin v23.3 - https:\/\/yoast.com\/wordpress\/plugins\/seo\/ -->\n<title>Cabernet Sauvignon DOC Venezia Ca&#039; di Rajo<\/title>\n<meta name=\"description\" content=\"Il Cabernet Sauvignon \u00e8 un vino rosso morbido e aromatico da abbinare a piatti di carne e formaggi\" \/>\n<meta name=\"robots\" content=\"index, follow, max-snippet:-1, max-image-preview:large, max-video-preview:-1\" \/>\n<link rel=\"canonical\" href=\"https:\/\/www.cadirajo.it\/it\/prodotto\/cabernet-sauvignon-doc-venezia-ca-di-rajo\/\" \/>\n<meta property=\"og:locale\" content=\"it_IT\" \/>\n<meta property=\"og:type\" content=\"article\" \/>\n<meta property=\"og:title\" content=\"Cabernet Sauvignon DOC Venezia Ca&#039; di Rajo\" \/>\n<meta property=\"og:description\" content=\"Il Cabernet Sauvignon \u00e8 un vino rosso morbido e aromatico da abbinare a piatti di carne e formaggi\" \/>\n<meta property=\"og:url\" content=\"https:\/\/www.cadirajo.it\/it\/prodotto\/cabernet-sauvignon-doc-venezia-ca-di-rajo\/\" \/>\n<meta property=\"og:site_name\" content=\"Ca&#039; di Rajo Vini\" \/>\n<meta property=\"article:modified_time\" content=\"2024-04-11T10:26:47+00:00\" \/>\n<meta property=\"og:image\" content=\"https:\/\/www.cadirajo.it\/wp-content\/uploads\/2021\/11\/cabernet-sauvignon-venezia-doc-ca-di-rajo-shop-1.png\" \/>\n\t<meta property=\"og:image:width\" content=\"700\" \/>\n\t<meta property=\"og:image:height\" content=\"700\" \/>\n\t<meta property=\"og:image:type\" content=\"image\/png\" \/>\n<meta name=\"twitter:card\" content=\"summary_large_image\" \/>\n<meta name=\"twitter:label1\" content=\"Tempo di lettura stimato\" \/>\n\t<meta name=\"twitter:data1\" content=\"1 minuto\" \/>\n<script type=\"application\/ld+json\" class=\"yoast-schema-graph\">{\"@context\":\"https:\/\/schema.org\",\"@graph\":[{\"@type\":\"WebPage\",\"@id\":\"https:\/\/www.cadirajo.it\/it\/prodotto\/cabernet-sauvignon-doc-venezia-ca-di-rajo\/\",\"url\":\"https:\/\/www.cadirajo.it\/it\/prodotto\/cabernet-sauvignon-doc-venezia-ca-di-rajo\/\",\"name\":\"Cabernet Sauvignon DOC Venezia Ca' di Rajo\",\"isPartOf\":{\"@id\":\"https:\/\/www.cadirajo.it\/it\/#website\"},\"primaryImageOfPage\":{\"@id\":\"https:\/\/www.cadirajo.it\/it\/prodotto\/cabernet-sauvignon-doc-venezia-ca-di-rajo\/#primaryimage\"},\"image\":{\"@id\":\"https:\/\/www.cadirajo.it\/it\/prodotto\/cabernet-sauvignon-doc-venezia-ca-di-rajo\/#primaryimage\"},\"thumbnailUrl\":\"https:\/\/www.cadirajo.it\/wp-content\/uploads\/2021\/11\/cabernet-sauvignon-venezia-doc-ca-di-rajo-shop-1.png\",\"datePublished\":\"2021-11-09T19:02:25+00:00\",\"dateModified\":\"2024-04-11T10:26:47+00:00\",\"description\":\"Il Cabernet Sauvignon \u00e8 un vino rosso morbido e aromatico da abbinare a piatti di carne e formaggi\",\"breadcrumb\":{\"@id\":\"https:\/\/www.cadirajo.it\/it\/prodotto\/cabernet-sauvignon-doc-venezia-ca-di-rajo\/#breadcrumb\"},\"inLanguage\":\"it-IT\",\"potentialAction\":[{\"@type\":\"ReadAction\",\"target\":[\"https:\/\/www.cadirajo.it\/it\/prodotto\/cabernet-sauvignon-doc-venezia-ca-di-rajo\/\"]}]},{\"@type\":\"ImageObject\",\"inLanguage\":\"it-IT\",\"@id\":\"https:\/\/www.cadirajo.it\/it\/prodotto\/cabernet-sauvignon-doc-venezia-ca-di-rajo\/#primaryimage\",\"url\":\"https:\/\/www.cadirajo.it\/wp-content\/uploads\/2021\/11\/cabernet-sauvignon-venezia-doc-ca-di-rajo-shop-1.png\",\"contentUrl\":\"https:\/\/www.cadirajo.it\/wp-content\/uploads\/2021\/11\/cabernet-sauvignon-venezia-doc-ca-di-rajo-shop-1.png\",\"width\":700,\"height\":700,\"caption\":\"Cabernet Sauvignon Ca' di Rajo\"},{\"@type\":\"BreadcrumbList\",\"@id\":\"https:\/\/www.cadirajo.it\/it\/prodotto\/cabernet-sauvignon-doc-venezia-ca-di-rajo\/#breadcrumb\",\"itemListElement\":[{\"@type\":\"ListItem\",\"position\":1,\"name\":\"Home\",\"item\":\"https:\/\/www.cadirajo.it\/it\/\"},{\"@type\":\"ListItem\",\"position\":2,\"name\":\"Shop\",\"item\":\"https:\/\/www.cadirajo.it\/it\/negozio\/\"},{\"@type\":\"ListItem\",\"position\":3,\"name\":\"Cabernet Sauvignon DOC Venezia\"}]},{\"@type\":\"WebSite\",\"@id\":\"https:\/\/www.cadirajo.it\/it\/#website\",\"url\":\"https:\/\/www.cadirajo.it\/it\/\",\"name\":\"Ca&#039; di Rajo Vini\",\"description\":\"Raggio d&#039;ingegno\",\"potentialAction\":[{\"@type\":\"SearchAction\",\"target\":{\"@type\":\"EntryPoint\",\"urlTemplate\":\"https:\/\/www.cadirajo.it\/it\/?s={search_term_string}\"},\"query-input\":\"required name=search_term_string\"}],\"inLanguage\":\"it-IT\"}]}<\/script>\n<!-- \/ Yoast SEO plugin. -->","yoast_head_json":{"title":"Cabernet Sauvignon DOC Venezia Ca' di Rajo","description":"Il Cabernet Sauvignon \u00e8 un vino rosso morbido e aromatico da abbinare a piatti di carne e formaggi","robots":{"index":"index","follow":"follow","max-snippet":"max-snippet:-1","max-image-preview":"max-image-preview:large","max-video-preview":"max-video-preview:-1"},"canonical":"https:\/\/www.cadirajo.it\/it\/prodotto\/cabernet-sauvignon-doc-venezia-ca-di-rajo\/","og_locale":"it_IT","og_type":"article","og_title":"Cabernet Sauvignon DOC Venezia Ca' di Rajo","og_description":"Il Cabernet Sauvignon \u00e8 un vino rosso morbido e aromatico da abbinare a piatti di carne e formaggi","og_url":"https:\/\/www.cadirajo.it\/it\/prodotto\/cabernet-sauvignon-doc-venezia-ca-di-rajo\/","og_site_name":"Ca&#039; di Rajo Vini","article_modified_time":"2024-04-11T10:26:47+00:00","og_image":[{"width":700,"height":700,"url":"https:\/\/www.cadirajo.it\/wp-content\/uploads\/2021\/11\/cabernet-sauvignon-venezia-doc-ca-di-rajo-shop-1.png","type":"image\/png"}],"twitter_card":"summary_large_image","twitter_misc":{"Tempo di lettura stimato":"1 minuto"},"schema":{"@context":"https:\/\/schema.org","@graph":[{"@type":"WebPage","@id":"https:\/\/www.cadirajo.it\/it\/prodotto\/cabernet-sauvignon-doc-venezia-ca-di-rajo\/","url":"https:\/\/www.cadirajo.it\/it\/prodotto\/cabernet-sauvignon-doc-venezia-ca-di-rajo\/","name":"Cabernet Sauvignon DOC Venezia Ca' di Rajo","isPartOf":{"@id":"https:\/\/www.cadirajo.it\/it\/#website"},"primaryImageOfPage":{"@id":"https:\/\/www.cadirajo.it\/it\/prodotto\/cabernet-sauvignon-doc-venezia-ca-di-rajo\/#primaryimage"},"image":{"@id":"https:\/\/www.cadirajo.it\/it\/prodotto\/cabernet-sauvignon-doc-venezia-ca-di-rajo\/#primaryimage"},"thumbnailUrl":"https:\/\/www.cadirajo.it\/wp-content\/uploads\/2021\/11\/cabernet-sauvignon-venezia-doc-ca-di-rajo-shop-1.png","datePublished":"2021-11-09T19:02:25+00:00","dateModified":"2024-04-11T10:26:47+00:00","description":"Il Cabernet Sauvignon \u00e8 un vino rosso morbido e aromatico da abbinare a piatti di carne e formaggi","breadcrumb":{"@id":"https:\/\/www.cadirajo.it\/it\/prodotto\/cabernet-sauvignon-doc-venezia-ca-di-rajo\/#breadcrumb"},"inLanguage":"it-IT","potentialAction":[{"@type":"ReadAction","target":["https:\/\/www.cadirajo.it\/it\/prodotto\/cabernet-sauvignon-doc-venezia-ca-di-rajo\/"]}]},{"@type":"ImageObject","inLanguage":"it-IT","@id":"https:\/\/www.cadirajo.it\/it\/prodotto\/cabernet-sauvignon-doc-venezia-ca-di-rajo\/#primaryimage","url":"https:\/\/www.cadirajo.it\/wp-content\/uploads\/2021\/11\/cabernet-sauvignon-venezia-doc-ca-di-rajo-shop-1.png","contentUrl":"https:\/\/www.cadirajo.it\/wp-content\/uploads\/2021\/11\/cabernet-sauvignon-venezia-doc-ca-di-rajo-shop-1.png","width":700,"height":700,"caption":"Cabernet Sauvignon Ca' di Rajo"},{"@type":"BreadcrumbList","@id":"https:\/\/www.cadirajo.it\/it\/prodotto\/cabernet-sauvignon-doc-venezia-ca-di-rajo\/#breadcrumb","itemListElement":[{"@type":"ListItem","position":1,"name":"Home","item":"https:\/\/www.cadirajo.it\/it\/"},{"@type":"ListItem","position":2,"name":"Shop","item":"https:\/\/www.cadirajo.it\/it\/negozio\/"},{"@type":"ListItem","position":3,"name":"Cabernet Sauvignon DOC Venezia"}]},{"@type":"WebSite","@id":"https:\/\/www.cadirajo.it\/it\/#website","url":"https:\/\/www.cadirajo.it\/it\/","name":"Ca&#039; di Rajo Vini","description":"Raggio d&#039;ingegno","potentialAction":[{"@type":"SearchAction","target":{"@type":"EntryPoint","urlTemplate":"https:\/\/www.cadirajo.it\/it\/?s={search_term_string}"},"query-input":"required name=search_term_string"}],"inLanguage":"it-IT"}]}},"jetpack_sharing_enabled":true,"_links":{"self":[{"href":"https:\/\/www.cadirajo.it\/it\/wp-json\/wp\/v2\/product\/10225"}],"collection":[{"href":"https:\/\/www.cadirajo.it\/it\/wp-json\/wp\/v2\/product"}],"about":[{"href":"https:\/\/www.cadirajo.it\/it\/wp-json\/wp\/v2\/types\/product"}],"replies":[{"embeddable":true,"href":"https:\/\/www.cadirajo.it\/it\/wp-json\/wp\/v2\/comments?post=10225"}],"wp:featuredmedia":[{"embeddable":true,"href":"https:\/\/www.cadirajo.it\/it\/wp-json\/wp\/v2\/media\/12562"}],"wp:attachment":[{"href":"https:\/\/www.cadirajo.it\/it\/wp-json\/wp\/v2\/media?parent=10225"}],"wp:term":[{"taxonomy":"product_cat","embeddable":true,"href":"https:\/\/www.cadirajo.it\/it\/wp-json\/wp\/v2\/product_cat?post=10225"},{"taxonomy":"product_tag","embeddable":true,"href":"https:\/\/www.cadirajo.it\/it\/wp-json\/wp\/v2\/product_tag?post=10225"}],"curies":[{"name":"wp","href":"https:\/\/api.w.org\/{rel}","templated":true}]}}