{"id":10221,"date":"2021-11-09T20:02:25","date_gmt":"2021-11-09T19:02:25","guid":{"rendered":"http:\/\/www.cadirajo.it\/prodotto\/docg-malanotte-notti-di-luna-piena-ca-di-rajo\/"},"modified":"2025-10-17T09:22:51","modified_gmt":"2025-10-17T07:22:51","slug":"notti-di-luna-piena-raboso-malanotte-del-piave-docg","status":"publish","type":"product","link":"https:\/\/www.cadirajo.it\/it\/prodotto\/notti-di-luna-piena-raboso-malanotte-del-piave-docg\/","title":{"rendered":"Notti di Luna Piena Raboso Malanotte del Piave DOCG"},"content":{"rendered":"<p>Il <strong>Malanotte del Piave DOCG<\/strong> \u00e8 la versione pi\u00f9 complessa di Raboso e anche la pi\u00f9 raffinata.<\/p>\n<p>Viene prodotto con circa il 30% di uve passite e svolge un affinamento di almeno 36 mesi sia in botte che in barrique.<br \/>\nUna leggenda racconta che nelle notti di luna piena il Diavolo posi un piede sulla Torre di Rai e l&#8217;altro sul campanile della Chiesa del Carmine, all&#8217;interno della nostra tenuta.<br \/>\nQuesta storia ha ispirato la nascita del nostro Notti di Luna Piena, un vino sontuoso di un rosso rubino intenso e fitto.<\/p>\n<p>Al naso ricorda il profumo delle ciliegie, della mora selvatica, dell&#8217;amarena, con accenni speziati di cannella, vaniglia e pepe.<br \/>\nIn bocca \u00e8 sontuoso, supportato da una notevole struttura e da tannini poderosi. Il finale \u00e8 ampio e persistente.<\/p>\n<p>Un <strong>raboso da invecchiamento<\/strong> che non si abbassa a compromessi.<\/p>\n<p>&nbsp;<\/p>\n","protected":false},"excerpt":{"rendered":"Il Raboso Notti di Luna Piena \u00e8 un vino rosso sontuoso e avvolgente, speziato e fruttato. Ideale per l&#8217;invecchiamento. Da abbinare alla selvaggina.","protected":false},"featured_media":10484,"comment_status":"closed","ping_status":"closed","template":"","meta":{"jetpack_publicize_message":"","jetpack_publicize_feature_enabled":true,"jetpack_social_post_already_shared":false,"jetpack_social_options":{"image_generator_settings":{"template":"highway","enabled":false},"version":2}},"product_cat":[10043,10024],"product_tag":[],"class_list":{"0":"post-10221","1":"product","2":"type-product","3":"status-publish","4":"has-post-thumbnail","6":"stile-robusto","7":"occasione-carne","8":"occasione-formaggi","9":"product_cat-bellussera","10":"product_cat-vini-rossi","11":"pa_confezione-confezione-da-6-bottiglie","12":"pa_confezione-confezione-da-1-bottiglia","13":"pa_formato-10020","14":"pa_formato-10021","15":"pa_formato-10054","17":"first","18":"instock","19":"taxable","20":"shipping-taxable","21":"purchasable","22":"product-type-variable","23":"has-default-attributes"},"jetpack_publicize_connections":[],"yoast_head":"<!-- This site is optimized with the Yoast SEO plugin v23.3 - https:\/\/yoast.com\/wordpress\/plugins\/seo\/ -->\n<title>Notti di Luna Piena Raboso Malanotte del Piave DOCG Ca&#039; di Rajo<\/title>\n<meta name=\"description\" content=\"Il Raboso Malanotte Notti di Luna Piena \u00e8 un vino rosso sontuoso e avvolgente, speziato e fruttato. Ideale per l&#039;invecchiamento.\" \/>\n<meta name=\"robots\" content=\"index, follow, max-snippet:-1, max-image-preview:large, max-video-preview:-1\" \/>\n<link rel=\"canonical\" href=\"https:\/\/www.cadirajo.it\/it\/prodotto\/notti-di-luna-piena-raboso-malanotte-del-piave-docg\/\" \/>\n<meta property=\"og:locale\" content=\"it_IT\" \/>\n<meta property=\"og:type\" content=\"article\" \/>\n<meta property=\"og:title\" content=\"Notti di Luna Piena Raboso Malanotte del Piave DOCG Ca&#039; di Rajo\" \/>\n<meta property=\"og:description\" content=\"Il Raboso Malanotte Notti di Luna Piena \u00e8 un vino rosso sontuoso e avvolgente, speziato e fruttato. Ideale per l&#039;invecchiamento.\" \/>\n<meta property=\"og:url\" content=\"https:\/\/www.cadirajo.it\/it\/prodotto\/notti-di-luna-piena-raboso-malanotte-del-piave-docg\/\" \/>\n<meta property=\"og:site_name\" content=\"Ca&#039; di Rajo Vini\" \/>\n<meta property=\"article:modified_time\" content=\"2025-10-17T07:22:51+00:00\" \/>\n<meta property=\"og:image\" content=\"https:\/\/www.cadirajo.it\/wp-content\/uploads\/2021\/11\/raboso-malanotte-notti-luna-piena-ca-di-rajo-shop.png\" \/>\n\t<meta property=\"og:image:width\" content=\"700\" \/>\n\t<meta property=\"og:image:height\" content=\"700\" \/>\n\t<meta property=\"og:image:type\" content=\"image\/png\" \/>\n<meta name=\"twitter:card\" content=\"summary_large_image\" \/>\n<meta name=\"twitter:label1\" content=\"Tempo di lettura stimato\" \/>\n\t<meta name=\"twitter:data1\" content=\"1 minuto\" \/>\n<script type=\"application\/ld+json\" class=\"yoast-schema-graph\">{\"@context\":\"https:\/\/schema.org\",\"@graph\":[{\"@type\":\"WebPage\",\"@id\":\"https:\/\/www.cadirajo.it\/it\/prodotto\/notti-di-luna-piena-raboso-malanotte-del-piave-docg\/\",\"url\":\"https:\/\/www.cadirajo.it\/it\/prodotto\/notti-di-luna-piena-raboso-malanotte-del-piave-docg\/\",\"name\":\"Notti di Luna Piena Raboso Malanotte del Piave DOCG Ca' di Rajo\",\"isPartOf\":{\"@id\":\"https:\/\/www.cadirajo.it\/it\/#website\"},\"primaryImageOfPage\":{\"@id\":\"https:\/\/www.cadirajo.it\/it\/prodotto\/notti-di-luna-piena-raboso-malanotte-del-piave-docg\/#primaryimage\"},\"image\":{\"@id\":\"https:\/\/www.cadirajo.it\/it\/prodotto\/notti-di-luna-piena-raboso-malanotte-del-piave-docg\/#primaryimage\"},\"thumbnailUrl\":\"https:\/\/www.cadirajo.it\/wp-content\/uploads\/2021\/11\/raboso-malanotte-notti-luna-piena-ca-di-rajo-shop.png\",\"datePublished\":\"2021-11-09T19:02:25+00:00\",\"dateModified\":\"2025-10-17T07:22:51+00:00\",\"description\":\"Il Raboso Malanotte Notti di Luna Piena \u00e8 un vino rosso sontuoso e avvolgente, speziato e fruttato. Ideale per l'invecchiamento.\",\"breadcrumb\":{\"@id\":\"https:\/\/www.cadirajo.it\/it\/prodotto\/notti-di-luna-piena-raboso-malanotte-del-piave-docg\/#breadcrumb\"},\"inLanguage\":\"it-IT\",\"potentialAction\":[{\"@type\":\"ReadAction\",\"target\":[\"https:\/\/www.cadirajo.it\/it\/prodotto\/notti-di-luna-piena-raboso-malanotte-del-piave-docg\/\"]}]},{\"@type\":\"ImageObject\",\"inLanguage\":\"it-IT\",\"@id\":\"https:\/\/www.cadirajo.it\/it\/prodotto\/notti-di-luna-piena-raboso-malanotte-del-piave-docg\/#primaryimage\",\"url\":\"https:\/\/www.cadirajo.it\/wp-content\/uploads\/2021\/11\/raboso-malanotte-notti-luna-piena-ca-di-rajo-shop.png\",\"contentUrl\":\"https:\/\/www.cadirajo.it\/wp-content\/uploads\/2021\/11\/raboso-malanotte-notti-luna-piena-ca-di-rajo-shop.png\",\"width\":700,\"height\":700,\"caption\":\"Notti di Luna Piena Raboso DOCG Malanotte del Piave\"},{\"@type\":\"BreadcrumbList\",\"@id\":\"https:\/\/www.cadirajo.it\/it\/prodotto\/notti-di-luna-piena-raboso-malanotte-del-piave-docg\/#breadcrumb\",\"itemListElement\":[{\"@type\":\"ListItem\",\"position\":1,\"name\":\"Home\",\"item\":\"https:\/\/www.cadirajo.it\/it\/\"},{\"@type\":\"ListItem\",\"position\":2,\"name\":\"Shop\",\"item\":\"https:\/\/www.cadirajo.it\/it\/negozio\/\"},{\"@type\":\"ListItem\",\"position\":3,\"name\":\"Notti di Luna Piena Raboso Malanotte del Piave DOCG\"}]},{\"@type\":\"WebSite\",\"@id\":\"https:\/\/www.cadirajo.it\/it\/#website\",\"url\":\"https:\/\/www.cadirajo.it\/it\/\",\"name\":\"Ca&#039; di Rajo Vini\",\"description\":\"Raggio d&#039;ingegno\",\"potentialAction\":[{\"@type\":\"SearchAction\",\"target\":{\"@type\":\"EntryPoint\",\"urlTemplate\":\"https:\/\/www.cadirajo.it\/it\/?s={search_term_string}\"},\"query-input\":\"required name=search_term_string\"}],\"inLanguage\":\"it-IT\"}]}<\/script>\n<!-- \/ Yoast SEO plugin. -->","yoast_head_json":{"title":"Notti di Luna Piena Raboso Malanotte del Piave DOCG Ca' di Rajo","description":"Il Raboso Malanotte Notti di Luna Piena \u00e8 un vino rosso sontuoso e avvolgente, speziato e fruttato. Ideale per l'invecchiamento.","robots":{"index":"index","follow":"follow","max-snippet":"max-snippet:-1","max-image-preview":"max-image-preview:large","max-video-preview":"max-video-preview:-1"},"canonical":"https:\/\/www.cadirajo.it\/it\/prodotto\/notti-di-luna-piena-raboso-malanotte-del-piave-docg\/","og_locale":"it_IT","og_type":"article","og_title":"Notti di Luna Piena Raboso Malanotte del Piave DOCG Ca' di Rajo","og_description":"Il Raboso Malanotte Notti di Luna Piena \u00e8 un vino rosso sontuoso e avvolgente, speziato e fruttato. Ideale per l'invecchiamento.","og_url":"https:\/\/www.cadirajo.it\/it\/prodotto\/notti-di-luna-piena-raboso-malanotte-del-piave-docg\/","og_site_name":"Ca&#039; di Rajo Vini","article_modified_time":"2025-10-17T07:22:51+00:00","og_image":[{"width":700,"height":700,"url":"https:\/\/www.cadirajo.it\/wp-content\/uploads\/2021\/11\/raboso-malanotte-notti-luna-piena-ca-di-rajo-shop.png","type":"image\/png"}],"twitter_card":"summary_large_image","twitter_misc":{"Tempo di lettura stimato":"1 minuto"},"schema":{"@context":"https:\/\/schema.org","@graph":[{"@type":"WebPage","@id":"https:\/\/www.cadirajo.it\/it\/prodotto\/notti-di-luna-piena-raboso-malanotte-del-piave-docg\/","url":"https:\/\/www.cadirajo.it\/it\/prodotto\/notti-di-luna-piena-raboso-malanotte-del-piave-docg\/","name":"Notti di Luna Piena Raboso Malanotte del Piave DOCG Ca' di Rajo","isPartOf":{"@id":"https:\/\/www.cadirajo.it\/it\/#website"},"primaryImageOfPage":{"@id":"https:\/\/www.cadirajo.it\/it\/prodotto\/notti-di-luna-piena-raboso-malanotte-del-piave-docg\/#primaryimage"},"image":{"@id":"https:\/\/www.cadirajo.it\/it\/prodotto\/notti-di-luna-piena-raboso-malanotte-del-piave-docg\/#primaryimage"},"thumbnailUrl":"https:\/\/www.cadirajo.it\/wp-content\/uploads\/2021\/11\/raboso-malanotte-notti-luna-piena-ca-di-rajo-shop.png","datePublished":"2021-11-09T19:02:25+00:00","dateModified":"2025-10-17T07:22:51+00:00","description":"Il Raboso Malanotte Notti di Luna Piena \u00e8 un vino rosso sontuoso e avvolgente, speziato e fruttato. Ideale per l'invecchiamento.","breadcrumb":{"@id":"https:\/\/www.cadirajo.it\/it\/prodotto\/notti-di-luna-piena-raboso-malanotte-del-piave-docg\/#breadcrumb"},"inLanguage":"it-IT","potentialAction":[{"@type":"ReadAction","target":["https:\/\/www.cadirajo.it\/it\/prodotto\/notti-di-luna-piena-raboso-malanotte-del-piave-docg\/"]}]},{"@type":"ImageObject","inLanguage":"it-IT","@id":"https:\/\/www.cadirajo.it\/it\/prodotto\/notti-di-luna-piena-raboso-malanotte-del-piave-docg\/#primaryimage","url":"https:\/\/www.cadirajo.it\/wp-content\/uploads\/2021\/11\/raboso-malanotte-notti-luna-piena-ca-di-rajo-shop.png","contentUrl":"https:\/\/www.cadirajo.it\/wp-content\/uploads\/2021\/11\/raboso-malanotte-notti-luna-piena-ca-di-rajo-shop.png","width":700,"height":700,"caption":"Notti di Luna Piena Raboso DOCG Malanotte del Piave"},{"@type":"BreadcrumbList","@id":"https:\/\/www.cadirajo.it\/it\/prodotto\/notti-di-luna-piena-raboso-malanotte-del-piave-docg\/#breadcrumb","itemListElement":[{"@type":"ListItem","position":1,"name":"Home","item":"https:\/\/www.cadirajo.it\/it\/"},{"@type":"ListItem","position":2,"name":"Shop","item":"https:\/\/www.cadirajo.it\/it\/negozio\/"},{"@type":"ListItem","position":3,"name":"Notti di Luna Piena Raboso Malanotte del Piave DOCG"}]},{"@type":"WebSite","@id":"https:\/\/www.cadirajo.it\/it\/#website","url":"https:\/\/www.cadirajo.it\/it\/","name":"Ca&#039; di Rajo Vini","description":"Raggio d&#039;ingegno","potentialAction":[{"@type":"SearchAction","target":{"@type":"EntryPoint","urlTemplate":"https:\/\/www.cadirajo.it\/it\/?s={search_term_string}"},"query-input":"required name=search_term_string"}],"inLanguage":"it-IT"}]}},"jetpack_sharing_enabled":true,"_links":{"self":[{"href":"https:\/\/www.cadirajo.it\/it\/wp-json\/wp\/v2\/product\/10221"}],"collection":[{"href":"https:\/\/www.cadirajo.it\/it\/wp-json\/wp\/v2\/product"}],"about":[{"href":"https:\/\/www.cadirajo.it\/it\/wp-json\/wp\/v2\/types\/product"}],"replies":[{"embeddable":true,"href":"https:\/\/www.cadirajo.it\/it\/wp-json\/wp\/v2\/comments?post=10221"}],"wp:featuredmedia":[{"embeddable":true,"href":"https:\/\/www.cadirajo.it\/it\/wp-json\/wp\/v2\/media\/10484"}],"wp:attachment":[{"href":"https:\/\/www.cadirajo.it\/it\/wp-json\/wp\/v2\/media?parent=10221"}],"wp:term":[{"taxonomy":"product_cat","embeddable":true,"href":"https:\/\/www.cadirajo.it\/it\/wp-json\/wp\/v2\/product_cat?post=10221"},{"taxonomy":"product_tag","embeddable":true,"href":"https:\/\/www.cadirajo.it\/it\/wp-json\/wp\/v2\/product_tag?post=10221"}],"curies":[{"name":"wp","href":"https:\/\/api.w.org\/{rel}","templated":true}]}}