{"id":10205,"date":"2021-11-09T20:02:25","date_gmt":"2021-11-09T19:02:25","guid":{"rendered":"http:\/\/www.cadirajo.it\/prodotto\/incrocio-manzoni-doc-piave-nina-ca-di-rajo\/"},"modified":"2024-04-11T16:05:17","modified_gmt":"2024-04-11T14:05:17","slug":"incrocio-manzoni-doc-piave-nina-ca-di-rajo","status":"publish","type":"product","link":"https:\/\/www.cadirajo.it\/it\/prodotto\/incrocio-manzoni-doc-piave-nina-ca-di-rajo\/","title":{"rendered":"Nina Incrocio Manzoni Bianco DOC Piave"},"content":{"rendered":"<p>Quando si parla di Treviso e <strong>vini trevigiani<\/strong>, non si pu\u00f2 dimenticare l&#8217;<strong>Incrocio Manzoni Bianco<\/strong>, un vino fermo che fa parte della storia enologica veneta.<\/p>\n<p>Intorno agli anni &#8217;30 del Novecento, il Prof. Luigi Manzoni compiva i suoi studi per ottenere una nuova variet\u00e0 pi\u00f9 resistente alle malattie e dalle caratteristiche uniche. L&#8217;Incrocio Manzoni Bianco 6.0.13 \u00e8 una delle sue creazioni, frutto dell&#8217;<strong>ibridazione del Pinot Bianco e del Riesling Renano<\/strong>.<\/p>\n<p>Nina \u00e8 un omaggio alla Signora Palmira, per tutti Nina, nonna dei titolari. E quale miglior vino, se non questo, per rappresentare <strong>autenticit\u00e0 e tipicit\u00e0 territoriale<\/strong>.<\/p>\n<p>Un vino elegante, sostenuto da una buona aromaticit\u00e0 con note di frutta esotica, soprattutto ananas. In bocca \u00e8 ben bilanciato, tra acidit\u00e0 e mineralit\u00e0 rinforzato da una buona alcolicit\u00e0 e un finale leggermente dolce.<\/p>\n<p>&nbsp;<\/p>\n","protected":false},"excerpt":{"rendered":"Vino bianco autoctono ben bilanciato e buona aromaticit\u00e0. Incrocio di Pinot Bianco e Riesling.","protected":false},"featured_media":10501,"comment_status":"closed","ping_status":"closed","template":"","meta":{"jetpack_publicize_message":"","jetpack_publicize_feature_enabled":true,"jetpack_social_post_already_shared":false,"jetpack_social_options":{"image_generator_settings":{"template":"highway","enabled":false},"version":2}},"product_cat":[10043,10025],"product_tag":[],"class_list":{"0":"post-10205","1":"product","2":"type-product","3":"status-publish","4":"has-post-thumbnail","6":"stile-morbido","7":"occasione-carne","8":"occasione-formaggi","9":"occasione-pesce","10":"occasione-verdure","11":"product_cat-bellussera","12":"product_cat-vini-bianchi","13":"pa_confezione-confezione-da-6-bottiglie","14":"pa_confezione-confezione-da-1-bottiglia","15":"pa_formato-10020","17":"first","18":"instock","19":"taxable","20":"shipping-taxable","21":"purchasable","22":"product-type-variable","23":"has-default-attributes"},"jetpack_publicize_connections":[],"yoast_head":"<!-- This site is optimized with the Yoast SEO plugin v23.3 - https:\/\/yoast.com\/wordpress\/plugins\/seo\/ -->\n<title>Nina Incrocio Manzoni DOC Piave Ca&#039; di Rajo<\/title>\n<meta name=\"description\" content=\"Incrocio Manzoni Bianco, vino bianco autoctono di Treviso mordido e vellutato. Da abbinare con piatti vegetariani, a base di pesce o con formaggio fresco\" \/>\n<meta name=\"robots\" content=\"index, follow, max-snippet:-1, max-image-preview:large, max-video-preview:-1\" \/>\n<link rel=\"canonical\" href=\"https:\/\/www.cadirajo.it\/it\/prodotto\/incrocio-manzoni-doc-piave-nina-ca-di-rajo\/\" \/>\n<meta property=\"og:locale\" content=\"it_IT\" \/>\n<meta property=\"og:type\" content=\"article\" \/>\n<meta property=\"og:title\" content=\"Nina Incrocio Manzoni DOC Piave Ca&#039; di Rajo\" \/>\n<meta property=\"og:description\" content=\"Incrocio Manzoni Bianco, vino bianco autoctono di Treviso mordido e vellutato. Da abbinare con piatti vegetariani, a base di pesce o con formaggio fresco\" \/>\n<meta property=\"og:url\" content=\"https:\/\/www.cadirajo.it\/it\/prodotto\/incrocio-manzoni-doc-piave-nina-ca-di-rajo\/\" \/>\n<meta property=\"og:site_name\" content=\"Ca&#039; di Rajo Vini\" \/>\n<meta property=\"article:modified_time\" content=\"2024-04-11T14:05:17+00:00\" \/>\n<meta property=\"og:image\" content=\"https:\/\/www.cadirajo.it\/wp-content\/uploads\/2021\/11\/nina-manzoni-bianco-ca-di-rajo-shop.png\" \/>\n\t<meta property=\"og:image:width\" content=\"700\" \/>\n\t<meta property=\"og:image:height\" content=\"700\" \/>\n\t<meta property=\"og:image:type\" content=\"image\/png\" \/>\n<meta name=\"twitter:card\" content=\"summary_large_image\" \/>\n<meta name=\"twitter:label1\" content=\"Tempo di lettura stimato\" \/>\n\t<meta name=\"twitter:data1\" content=\"1 minuto\" \/>\n<script type=\"application\/ld+json\" class=\"yoast-schema-graph\">{\"@context\":\"https:\/\/schema.org\",\"@graph\":[{\"@type\":\"WebPage\",\"@id\":\"https:\/\/www.cadirajo.it\/it\/prodotto\/incrocio-manzoni-doc-piave-nina-ca-di-rajo\/\",\"url\":\"https:\/\/www.cadirajo.it\/it\/prodotto\/incrocio-manzoni-doc-piave-nina-ca-di-rajo\/\",\"name\":\"Nina Incrocio Manzoni DOC Piave Ca' di Rajo\",\"isPartOf\":{\"@id\":\"https:\/\/www.cadirajo.it\/it\/#website\"},\"primaryImageOfPage\":{\"@id\":\"https:\/\/www.cadirajo.it\/it\/prodotto\/incrocio-manzoni-doc-piave-nina-ca-di-rajo\/#primaryimage\"},\"image\":{\"@id\":\"https:\/\/www.cadirajo.it\/it\/prodotto\/incrocio-manzoni-doc-piave-nina-ca-di-rajo\/#primaryimage\"},\"thumbnailUrl\":\"https:\/\/www.cadirajo.it\/wp-content\/uploads\/2021\/11\/nina-manzoni-bianco-ca-di-rajo-shop.png\",\"datePublished\":\"2021-11-09T19:02:25+00:00\",\"dateModified\":\"2024-04-11T14:05:17+00:00\",\"description\":\"Incrocio Manzoni Bianco, vino bianco autoctono di Treviso mordido e vellutato. Da abbinare con piatti vegetariani, a base di pesce o con formaggio fresco\",\"breadcrumb\":{\"@id\":\"https:\/\/www.cadirajo.it\/it\/prodotto\/incrocio-manzoni-doc-piave-nina-ca-di-rajo\/#breadcrumb\"},\"inLanguage\":\"it-IT\",\"potentialAction\":[{\"@type\":\"ReadAction\",\"target\":[\"https:\/\/www.cadirajo.it\/it\/prodotto\/incrocio-manzoni-doc-piave-nina-ca-di-rajo\/\"]}]},{\"@type\":\"ImageObject\",\"inLanguage\":\"it-IT\",\"@id\":\"https:\/\/www.cadirajo.it\/it\/prodotto\/incrocio-manzoni-doc-piave-nina-ca-di-rajo\/#primaryimage\",\"url\":\"https:\/\/www.cadirajo.it\/wp-content\/uploads\/2021\/11\/nina-manzoni-bianco-ca-di-rajo-shop.png\",\"contentUrl\":\"https:\/\/www.cadirajo.it\/wp-content\/uploads\/2021\/11\/nina-manzoni-bianco-ca-di-rajo-shop.png\",\"width\":700,\"height\":700,\"caption\":\"Nina Incrocio Manzoni Bianco Doc Piave\"},{\"@type\":\"BreadcrumbList\",\"@id\":\"https:\/\/www.cadirajo.it\/it\/prodotto\/incrocio-manzoni-doc-piave-nina-ca-di-rajo\/#breadcrumb\",\"itemListElement\":[{\"@type\":\"ListItem\",\"position\":1,\"name\":\"Home\",\"item\":\"https:\/\/www.cadirajo.it\/it\/\"},{\"@type\":\"ListItem\",\"position\":2,\"name\":\"Shop\",\"item\":\"https:\/\/www.cadirajo.it\/it\/negozio\/\"},{\"@type\":\"ListItem\",\"position\":3,\"name\":\"Nina Incrocio Manzoni Bianco DOC Piave\"}]},{\"@type\":\"WebSite\",\"@id\":\"https:\/\/www.cadirajo.it\/it\/#website\",\"url\":\"https:\/\/www.cadirajo.it\/it\/\",\"name\":\"Ca&#039; di Rajo Vini\",\"description\":\"Raggio d&#039;ingegno\",\"potentialAction\":[{\"@type\":\"SearchAction\",\"target\":{\"@type\":\"EntryPoint\",\"urlTemplate\":\"https:\/\/www.cadirajo.it\/it\/?s={search_term_string}\"},\"query-input\":\"required name=search_term_string\"}],\"inLanguage\":\"it-IT\"}]}<\/script>\n<!-- \/ Yoast SEO plugin. -->","yoast_head_json":{"title":"Nina Incrocio Manzoni DOC Piave Ca' di Rajo","description":"Incrocio Manzoni Bianco, vino bianco autoctono di Treviso mordido e vellutato. Da abbinare con piatti vegetariani, a base di pesce o con formaggio fresco","robots":{"index":"index","follow":"follow","max-snippet":"max-snippet:-1","max-image-preview":"max-image-preview:large","max-video-preview":"max-video-preview:-1"},"canonical":"https:\/\/www.cadirajo.it\/it\/prodotto\/incrocio-manzoni-doc-piave-nina-ca-di-rajo\/","og_locale":"it_IT","og_type":"article","og_title":"Nina Incrocio Manzoni DOC Piave Ca' di Rajo","og_description":"Incrocio Manzoni Bianco, vino bianco autoctono di Treviso mordido e vellutato. Da abbinare con piatti vegetariani, a base di pesce o con formaggio fresco","og_url":"https:\/\/www.cadirajo.it\/it\/prodotto\/incrocio-manzoni-doc-piave-nina-ca-di-rajo\/","og_site_name":"Ca&#039; di Rajo Vini","article_modified_time":"2024-04-11T14:05:17+00:00","og_image":[{"width":700,"height":700,"url":"https:\/\/www.cadirajo.it\/wp-content\/uploads\/2021\/11\/nina-manzoni-bianco-ca-di-rajo-shop.png","type":"image\/png"}],"twitter_card":"summary_large_image","twitter_misc":{"Tempo di lettura stimato":"1 minuto"},"schema":{"@context":"https:\/\/schema.org","@graph":[{"@type":"WebPage","@id":"https:\/\/www.cadirajo.it\/it\/prodotto\/incrocio-manzoni-doc-piave-nina-ca-di-rajo\/","url":"https:\/\/www.cadirajo.it\/it\/prodotto\/incrocio-manzoni-doc-piave-nina-ca-di-rajo\/","name":"Nina Incrocio Manzoni DOC Piave Ca' di Rajo","isPartOf":{"@id":"https:\/\/www.cadirajo.it\/it\/#website"},"primaryImageOfPage":{"@id":"https:\/\/www.cadirajo.it\/it\/prodotto\/incrocio-manzoni-doc-piave-nina-ca-di-rajo\/#primaryimage"},"image":{"@id":"https:\/\/www.cadirajo.it\/it\/prodotto\/incrocio-manzoni-doc-piave-nina-ca-di-rajo\/#primaryimage"},"thumbnailUrl":"https:\/\/www.cadirajo.it\/wp-content\/uploads\/2021\/11\/nina-manzoni-bianco-ca-di-rajo-shop.png","datePublished":"2021-11-09T19:02:25+00:00","dateModified":"2024-04-11T14:05:17+00:00","description":"Incrocio Manzoni Bianco, vino bianco autoctono di Treviso mordido e vellutato. Da abbinare con piatti vegetariani, a base di pesce o con formaggio fresco","breadcrumb":{"@id":"https:\/\/www.cadirajo.it\/it\/prodotto\/incrocio-manzoni-doc-piave-nina-ca-di-rajo\/#breadcrumb"},"inLanguage":"it-IT","potentialAction":[{"@type":"ReadAction","target":["https:\/\/www.cadirajo.it\/it\/prodotto\/incrocio-manzoni-doc-piave-nina-ca-di-rajo\/"]}]},{"@type":"ImageObject","inLanguage":"it-IT","@id":"https:\/\/www.cadirajo.it\/it\/prodotto\/incrocio-manzoni-doc-piave-nina-ca-di-rajo\/#primaryimage","url":"https:\/\/www.cadirajo.it\/wp-content\/uploads\/2021\/11\/nina-manzoni-bianco-ca-di-rajo-shop.png","contentUrl":"https:\/\/www.cadirajo.it\/wp-content\/uploads\/2021\/11\/nina-manzoni-bianco-ca-di-rajo-shop.png","width":700,"height":700,"caption":"Nina Incrocio Manzoni Bianco Doc Piave"},{"@type":"BreadcrumbList","@id":"https:\/\/www.cadirajo.it\/it\/prodotto\/incrocio-manzoni-doc-piave-nina-ca-di-rajo\/#breadcrumb","itemListElement":[{"@type":"ListItem","position":1,"name":"Home","item":"https:\/\/www.cadirajo.it\/it\/"},{"@type":"ListItem","position":2,"name":"Shop","item":"https:\/\/www.cadirajo.it\/it\/negozio\/"},{"@type":"ListItem","position":3,"name":"Nina Incrocio Manzoni Bianco DOC Piave"}]},{"@type":"WebSite","@id":"https:\/\/www.cadirajo.it\/it\/#website","url":"https:\/\/www.cadirajo.it\/it\/","name":"Ca&#039; di Rajo Vini","description":"Raggio d&#039;ingegno","potentialAction":[{"@type":"SearchAction","target":{"@type":"EntryPoint","urlTemplate":"https:\/\/www.cadirajo.it\/it\/?s={search_term_string}"},"query-input":"required name=search_term_string"}],"inLanguage":"it-IT"}]}},"jetpack_sharing_enabled":true,"_links":{"self":[{"href":"https:\/\/www.cadirajo.it\/it\/wp-json\/wp\/v2\/product\/10205"}],"collection":[{"href":"https:\/\/www.cadirajo.it\/it\/wp-json\/wp\/v2\/product"}],"about":[{"href":"https:\/\/www.cadirajo.it\/it\/wp-json\/wp\/v2\/types\/product"}],"replies":[{"embeddable":true,"href":"https:\/\/www.cadirajo.it\/it\/wp-json\/wp\/v2\/comments?post=10205"}],"wp:featuredmedia":[{"embeddable":true,"href":"https:\/\/www.cadirajo.it\/it\/wp-json\/wp\/v2\/media\/10501"}],"wp:attachment":[{"href":"https:\/\/www.cadirajo.it\/it\/wp-json\/wp\/v2\/media?parent=10205"}],"wp:term":[{"taxonomy":"product_cat","embeddable":true,"href":"https:\/\/www.cadirajo.it\/it\/wp-json\/wp\/v2\/product_cat?post=10205"},{"taxonomy":"product_tag","embeddable":true,"href":"https:\/\/www.cadirajo.it\/it\/wp-json\/wp\/v2\/product_tag?post=10205"}],"curies":[{"name":"wp","href":"https:\/\/api.w.org\/{rel}","templated":true}]}}