{"id":3274,"date":"2019-05-01T14:05:06","date_gmt":"2019-05-01T12:05:06","guid":{"rendered":"http:\/\/www.cadirajo.it\/en\/?page_id=3274"},"modified":"2023-11-21T11:49:02","modified_gmt":"2023-11-21T10:49:02","slug":"home-2","status":"publish","type":"page","link":"https:\/\/www.cadirajo.it\/it\/","title":{"rendered":"Home"},"content":{"rendered":"<p>[vc_row full_width=&#8221;stretch_row_content_no_spaces&#8221; el_class=&#8221;container ca-mob&#8221;][vc_column width=&#8221;1\/2&#8243; el_class=&#8221;ca-mob-clock-title&#8221; css=&#8221;.vc_custom_1559227763842{padding-right: 15px !important;padding-left: 15px !important;}&#8221;][vc_column_text el_class=&#8221;ca-mob-circle-title&#8221;]<\/p>\n<h2 style=\"text-align: center;\">NEI MOMENTI PI\u00f9 BELLI DELLA TUA GIORNATA<\/h2>\n<p>[\/vc_column_text][\/vc_column][vc_column width=&#8221;1\/2&#8243; el_class=&#8221;ca-mob-clock-img&#8221; css=&#8221;.vc_custom_1559226181606{padding-right: 0px !important;padding-left: 0px !important;}&#8221;][\/vc_column][\/vc_row][vc_row el_class=&#8221;container&#8221;][vc_column offset=&#8221;vc_hidden-sm vc_hidden-xs&#8221;][vc_custom_heading text=&#8221;Ca&#8217; di Rajo, una cantina vinicola moderna in un contesto storico&#8221; font_container=&#8221;tag:h1|text_align:center&#8221;][\/vc_column][\/vc_row][vc_row el_class=&#8221;ca-home-wine-main container right-bg-2 right-bg-blue&#8221;][vc_column width=&#8221;5\/6&#8243; el_id=&#8221;selected_slider_post_p2&#8243;][vc_column_text][\/vc_column_text][\/vc_column][vc_column width=&#8221;1\/6&#8243; el_class=&#8221;ca-col-gold-text-wrap&#8221;]<div class=\"ult-content-box-container ca-gold-text-content-wrap\" >\t<a class=\"ult-content-box-anchor\" href=\"\/categoria-prodotto\/bottiglie\/\" >\t\t<div class=\"ult-content-box\" style=\"background-color:#c39b54;box-shadow: px px px px none;-webkit-transition: all 700ms ease;-moz-transition: all 700ms ease;-ms-transition: all 700ms ease;-o-transition: all 700ms ease;transition: all 700ms ease;\"  data-hover_box_shadow=\"none\"     data-bg=\"#c39b54\" >[vc_column_text]<\/p>\n<h2>SCEGLI<br \/>\nIL TUO<br \/>\nVINO<\/h2>\n<h3>SHOP VINI &gt;<\/h3>\n<p>[\/vc_column_text]\t\t<\/div>\t<\/a><\/div>[\/vc_column][\/vc_row][vc_row gap=&#8221;5&#8243;][vc_column][\/vc_column][\/vc_row][vc_row el_class=&#8221;ca-home-section-2 container left-bg-img&#8221;][vc_column el_class=&#8221;ca-wrap-padding&#8221;][vc_column_text]<\/p>\n<h2 style=\"text-align: left;\">La <a href=\"\/it\/Bellussera\/\"><strong>Bellussera<\/strong><\/a>:<br \/>\nun ricamo nell\u2019aria<\/h2>\n<p>[\/vc_column_text][vc_column_text]<\/p>\n<h3>Una viticoltura dalle radici antiche<\/h3>\n<h3>che rischia l\u2019estinzione<\/h3>\n<p>[\/vc_column_text][\/vc_column][\/vc_row][vc_row el_class=&#8221;container boxes-homepage&#8221;][vc_column][vc_column_text css=&#8221;.vc_custom_1641896281983{padding-top: 30px !important;padding-bottom: 30px !important;}&#8221;]<\/p>\n<p style=\"text-align: center;\"><em>&#8220;Questi filari per noi rappresentano un patrimonio storico da custodire, perch\u00e9 su di essi si fonda la memoria della nostra identit\u00e0 e la tipicit\u00e0 del nostro territorio. Da questi vigneti storici nel territorio del fiume Piave, che oggi hanno raggiunto i 70 anni di vita, siamo quindi partiti per costruire la grandezza del nostro futuro.&#8221;<\/em><\/p>\n<p style=\"text-align: center;\">Simone Cecchetto (CEO Ca&#8217; di Rajo)<\/p>\n<p>[\/vc_column_text][vc_row_inner el_class=&#8221;right-bg right-bg-red ca-right-red-wrap&#8221;][vc_column_inner width=&#8221;1\/3&#8243;][vc_single_image image=&#8221;3341&#8243; img_size=&#8221;full&#8221; onclick=&#8221;custom_link&#8221; css=&#8221;.vc_custom_1563372513532{margin-bottom: 0px !important;}&#8221; link=&#8221;\/it\/Bellussera\/&#8221;]<div class=\"ult-content-box-container \" >\t\t<div class=\"ult-content-box\" style=\"background-color:#e3e3e3;box-shadow: px px px px none;padding:20px;-webkit-transition: all 700ms ease;-moz-transition: all 700ms ease;-ms-transition: all 700ms ease;-o-transition: all 700ms ease;transition: all 700ms ease;\"  data-hover_box_shadow=\"none\"     data-bg=\"#e3e3e3\" >[vc_custom_heading text=&#8221;LA BELLUSSERA&#8221; font_container=&#8221;tag:h4|text_align:left&#8221; link=&#8221;url:%2Fit%2FBellussera%2F|||&#8221;][vc_column_text]<\/p>\n<p style=\"text-align: left;\">I vigneti coltivati a Bellussera sono unici al mondo. Dalla loro protezione e valorizzazione dipende l&#8217;identit\u00e0 del territorio del Piave<\/p>\n<p>[\/vc_column_text][vc_btn title=&#8221;SCOPRI&#8221; link=&#8221;url:%2Fit%2FBellussera%2F|title:Bellussera||&#8221;]\t\t<\/div><\/div>[\/vc_column_inner][vc_column_inner width=&#8221;1\/3&#8243;][vc_single_image image=&#8221;3342&#8243; img_size=&#8221;full&#8221; onclick=&#8221;custom_link&#8221; css=&#8221;.vc_custom_1563372468213{margin-bottom: 0px !important;}&#8221; link=&#8221;\/it\/azienda\/&#8221;]<div class=\"ult-content-box-container \" >\t\t<div class=\"ult-content-box\" style=\"background-color:#e3e3e3;box-shadow: px px px px none;padding:20px;-webkit-transition: all 700ms ease;-moz-transition: all 700ms ease;-ms-transition: all 700ms ease;-o-transition: all 700ms ease;transition: all 700ms ease;\"  data-hover_box_shadow=\"none\"     data-bg=\"#e3e3e3\" >[vc_custom_heading text=&#8221;LA CANTINA&#8221; font_container=&#8221;tag:h4|text_align:left&#8221; link=&#8221;url:%2Fit%2Fazienda%2F|||&#8221;][vc_column_text]Una cantina moderna immersa nella tradizione, tra vigneti e architetture uniche come la chiesetta del 1300 e la Torre medievale di Rai[\/vc_column_text][vc_btn title=&#8221;SCOPRI&#8221; link=&#8221;url:%2Fit%2Fazienda%2F|title:%5B%3Ait%5DAZIENDA%5B%3Aen%5DCOMPANY%5B%3Ade%5DUNTERNEHMEN%5B%3A%5D||&#8221;]\t\t<\/div><\/div>[\/vc_column_inner][vc_column_inner width=&#8221;1\/3&#8243;][vc_single_image image=&#8221;5616&#8243; img_size=&#8221;full&#8221; onclick=&#8221;custom_link&#8221; css=&#8221;.vc_custom_1560867086939{margin-bottom: 0px !important;}&#8221; link=&#8221;\/it\/wine-tour\/&#8221;]<div class=\"ult-content-box-container ca-home-red-section\" >\t\t<div class=\"ult-content-box\" style=\"box-shadow: px px px px none;padding:20px;-webkit-transition: all 700ms ease;-moz-transition: all 700ms ease;-ms-transition: all 700ms ease;-o-transition: all 700ms ease;transition: all 700ms ease;\"  data-hover_box_shadow=\"none\"    >[vc_custom_heading text=&#8221;WINE TOUR&#8221; font_container=&#8221;tag:h4|text_align:left&#8221; link=&#8221;url:%2Fit%2Fwine-tour%2F|||&#8221;][vc_column_text]<\/p>\n<p style=\"text-align: left;\">Vivi in una vera esperienza della cantina. I nostri tour guidati e degustazioni ti permetteranno di scoprire i nostri vini pi\u00f9 rappresentativi e premiati<\/p>\n<p>[\/vc_column_text][vc_btn title=&#8221;SCOPRI&#8221; link=&#8221;url:%2Fit%2Fwine-tour%2F|title:WINE%20TOUR||&#8221;]\t\t<\/div><\/div>[vc_empty_space height=&#8221;&#8221; el_class=&#8221;ca-empty&#8221;][\/vc_column_inner][\/vc_row_inner][\/vc_column][\/vc_row][vc_row][vc_column]<div class=\"container prefooter-social\">\n\t<div class=\"col-md-12 col-xs-12\">\n\t\t<h2>RESTA IN <a href='\/it\/contatti'>CONTATTO<\/a><br>CON CA\u2019 DI RAJO<\/h2>\n\t<\/div>\n\t<div class=\"col-md-4 col-xs-12 newsletter-column\">\n\t\t<h4>Iscriviti ora alla newsletter<\/h4>\n\t\t<p>Non perderti nulla dal mondo Ca\u2019 di Rajo.<\/p>\n\t\t<!-- Begin Mailchimp Signup Form -->\n<link href=\"\/\/cdn-images.mailchimp.com\/embedcode\/classic-10_7.css\" rel=\"stylesheet\" type=\"text\/css\">\n<style type=\"text\/css\">\n\t#mc_embed_signup{background:#fff; clear:left; font:14px Helvetica,Arial,sans-serif;  width:600px;}\n\t\/* Add your own Mailchimp form style overrides in your site stylesheet or in this style block.\n\t   We recommend moving this block and the preceding CSS link to the HEAD of your HTML file. *\/\n<\/style>\n<style type=\"text\/css\">\n\t#mc-embedded-subscribe-form input[type=checkbox]{display: inline; width: auto;margin-right: 10px;}\n\t#mergeRow-gdpr {margin-top: 20px;}\n\t#mergeRow-gdpr fieldset label {font-weight: normal;}\n\t#mc-embedded-subscribe-form .mc_fieldset{border:none;min-height: 0px;padding-bottom:0px;}\n<\/style>\n<div id=\"mc_embed_signup\">\n<form action=\"https:\/\/cadirajo.us17.list-manage.com\/subscribe\/post?u=549c8e35f3d628cbc7d230177&amp;id=bc5ddd714d\" method=\"post\" id=\"mc-embedded-subscribe-form\" name=\"mc-embedded-subscribe-form\" class=\"validate\" target=\"_blank\" novalidate>\n    <div id=\"mc_embed_signup_scroll\">\n\n<div class=\"indicates-required\"><span class=\"asterisk\">*<\/span> indicates required<\/div>\n<div class=\"mc-field-group\">\n\t<label for=\"mce-EMAIL\">Email  <span class=\"asterisk\">*<\/span>\n<\/label>\n\t<input type=\"email\" value=\"\" name=\"EMAIL\" class=\"required email\" id=\"mce-EMAIL\">\n<\/div>\n<div id=\"mergeRow-gdpr\" class=\"mergeRow gdpr-mergeRow content__gdprBlock mc-field-group\">\n    <div class=\"content__gdpr\">\n        <label>Autorizzazione Marketing<\/label>\n        <p>Ca' di Rajo utilizzer\u00e0 le informazioni fornite in questo modulo per rimanere in contatto con te e per comunicarti aggiornamenti e promozioni.<\/p>\n        <fieldset class=\"mc_fieldset gdprRequired mc-field-group\" name=\"interestgroup_field\">\n\t\t<label class=\"checkbox subfield\" for=\"gdpr_38700\"><input type=\"checkbox\" id=\"gdpr_38700\" name=\"gdpr[38700]\" value=\"Y\" class=\"av-checkbox gdpr\"><span>Email<\/span> <\/label><label class=\"checkbox subfield\" for=\"gdpr_38704\"><input type=\"checkbox\" id=\"gdpr_38704\" name=\"gdpr[38704]\" value=\"Y\" class=\"av-checkbox gdpr\"><span>Newsletter<\/span> <\/label><label class=\"checkbox subfield\" for=\"gdpr_39656\"><input type=\"checkbox\" id=\"gdpr_39656\" name=\"gdpr[39656]\" value=\"Y\" class=\"av-checkbox gdpr\"><span>Telefono<\/span> <\/label>\n        <\/fieldset>\n        <p>\u00c8 possibile annullare l'iscrizione in qualsiasi momento cliccando il link in fondo a questa e-mail. Per informazioni sulla nostra privacy policy, si prega di visitare il nostro sito web<\/p>\n    <\/div>\n    <div class=\"content__gdprLegal\">\n        <p>We use Mailchimp as our marketing platform. By clicking below to subscribe, you acknowledge that your information will be transferred to Mailchimp for processing. <a href=\"https:\/\/mailchimp.com\/legal\/terms\" target=\"_blank\">Learn more about Mailchimp's privacy practices here.<\/a><\/p>\n    <\/div>\n<\/div>\n\t<div id=\"mce-responses\" class=\"clear\">\n\t\t<div class=\"response\" id=\"mce-error-response\" style=\"display:none\"><\/div>\n\t\t<div class=\"response\" id=\"mce-success-response\" style=\"display:none\"><\/div>\n\t<\/div>    <!-- real people should not fill this in and expect good things - do not remove this or risk form bot signups-->\n    <div style=\"position: absolute; left: -5000px;\" aria-hidden=\"true\"><input type=\"text\" name=\"b_549c8e35f3d628cbc7d230177_bc5ddd714d\" tabindex=\"-1\" value=\"\"><\/div>\n    <div class=\"clear\"><input type=\"submit\" value=\"Subscribe\" name=\"subscribe\" id=\"mc-embedded-subscribe\" class=\"button\"><\/div>\n    <\/div>\n<\/form>\n<\/div>\n<script type='text\/javascript' src='\/\/s3.amazonaws.com\/downloads.mailchimp.com\/js\/mc-validate.js'><\/script><script type='text\/javascript'>(function($) {window.fnames = new Array(); window.ftypes = new Array();fnames[0]='EMAIL';ftypes[0]='email';fnames[1]='FNAME';ftypes[1]='text';fnames[2]='LNAME';ftypes[2]='text';fnames[3]='ADDRESS';ftypes[3]='address';fnames[4]='PHONE';ftypes[4]='phone';fnames[5]='BIRTHDAY';ftypes[5]='birthday';fnames[6]='MMERGE6';ftypes[6]='text';fnames[7]='MMERGE7';ftypes[7]='text';fnames[8]='MMERGE8';ftypes[8]='text';fnames[9]='MMERGE9';ftypes[9]='text'; \/*\n * Translated default messages for the $ validation plugin.\n * Locale: IT\n *\/\n$.extend($.validator.messages, {\n       required: \"Campo obbligatorio.\",\n       remote: \"Controlla questo campo.\",\n       email: \"Inserisci un indirizzo email valido.\",\n       url: \"Inserisci un indirizzo web valido.\",\n       date: \"Inserisci una data valida.\",\n       dateISO: \"Inserisci una data valida (ISO).\",\n       number: \"Inserisci un numero valido.\",\n       digits: \"Inserisci solo numeri.\",\n       creditcard: \"Inserisci un numero di carta di credito valido.\",\n       equalTo: \"Il valore non corrisponde.\",\n       accept: \"Inserisci un valore con un&apos;estensione valida.\",\n       maxlength: $.validator.format(\"Non inserire pi&ugrave; di {0} caratteri.\"),\n       minlength: $.validator.format(\"Inserisci almeno {0} caratteri.\"),\n       rangelength: $.validator.format(\"Inserisci un valore compreso tra {0} e {1} caratteri.\"),\n       range: $.validator.format(\"Inserisci un valore compreso tra {0} e {1}.\"),\n       max: $.validator.format(\"Inserisci un valore minore o uguale a {0}.\"),\n       min: $.validator.format(\"Inserisci un valore maggiore o uguale a {0}.\")\n});}(jQuery));var $mcj = jQuery.noConflict(true);<\/script>\n<!--End mc_embed_signup-->\n\t<\/div>\n\t<div class=\"col-md-4 col-xs-12\">\n\t\t<a class=\"hashtag\" href=\"https:\/\/www.instagram.com\/cadirajo.wines\/\" target=\"_blank\">@cadirajo.wines<\/a>\n\t\t<a class=\"follow-button\" href=\"https:\/\/www.instagram.com\/cadirajo.wines\/\" target=\"_blank\">Segui<\/a>\n\t\t\t<\/div>\n\t<div class=\"col-md-4 col-xs-12\">\n\t\t\t\t<div id=\"fb-root\"><\/div>\n\t\t<script>(function(e,a,f){var c,b=e.getElementsByTagName(a)[0];if(e.getElementById(f)){return}c=e.createElement(a);c.id=f;c.src=\"\/\/connect.facebook.net\/it_IT\/sdk.js#xfbml=1&version=v2.7\";b.parentNode.insertBefore(c,b)}(document,\"script\",\"facebook-jssdk\"));<\/script>\n\t\t<div class=\"fb-page\" data-href=\"https:\/\/www.facebook.com\/cadirajo.wines\/\" data-width=\"440px\" data-height=\"435px\" data-small-header=\"false\" data-adapt-container-width=\"true\" data-hide-cover=\"false\" data-show-facepile=\"true\">\n\t\t<blockquote cite=\"https:\/\/www.facebook.com\/cadirajo.wines\/\" class=\"fb-xfbml-parse-ignore\"><a href=\"https:\/\/www.facebook.com\/cadirajo.wines\/\">Ca' di Rajo Wines<\/a><\/blockquote><\/div>\n\t<\/div>\n<\/div>[\/vc_column][\/vc_row][vc_row][vc_column][vc_column_text]<!--more-->[\/vc_column_text][\/vc_column][\/vc_row]<\/p>\n","protected":false},"excerpt":{"rendered":"[vc_row full_width=&#8221;stretch_row_content_no_spaces&#8221; el_class=&#8221;container ca-mob&#8221;][vc_column width=&#8221;1\/2&#8243; el_class=&#8221;ca-mob-clock-title&#8221; css=&#8221;.vc_custom_1559227763842{padding-right: 15px !important;padding-left: 15px !important;}&#8221;][vc_column_text el_class=&#8221;ca-mob-circle-title&#8221;] [\/vc_column_text][\/vc_column][vc_column width=&#8221;1\/2&#8243; el_class=&#8221;ca-mob-clock-img&#8221; css=&#8221;.vc_custom_1559226181606{padding-right: 0px !important;padding-left: 0px !important;}&#8221;][\/vc_column][\/vc_row][vc_row el_class=&#8221;container&#8221;][vc_column offset=&#8221;vc_hidden-sm vc_hidden-xs&#8221;][vc_custom_heading text=&#8221;Ca&#8217; di Rajo, una cantina vinicola moderna in un contesto storico&#8221; font_container=&#8221;tag:h1|text_align:center&#8221;][\/vc_column][\/vc_row][vc_row el_class=&#8221;ca-home-wine-main container right-bg-2 right-bg-blue&#8221;][vc_column width=&#8221;5\/6&#8243; el_id=&#8221;selected_slider_post_p2&#8243;][vc_column_text][\/vc_column_text][\/vc_column][vc_column width=&#8221;1\/6&#8243; el_class=&#8221;ca-col-gold-text-wrap&#8221;][\/vc_column][\/vc_row][vc_row gap=&#8221;5&#8243;][vc_column][\/vc_column][\/vc_row][vc_row el_class=&#8221;ca-home-section-2 container left-bg-img&#8221;][vc_column el_class=&#8221;ca-wrap-padding&#8221;][vc_column_text] La Bellussera: un ricamo nell\u2019aria [\/vc_column_text][vc_column_text] Una [&hellip;]","protected":false},"author":3,"featured_media":0,"parent":0,"menu_order":0,"comment_status":"closed","ping_status":"closed","template":"","meta":{"footnotes":""},"class_list":["post-3274","page","type-page","status-publish","hentry"],"yoast_head":"<!-- This site is optimized with the Yoast SEO plugin v23.3 - https:\/\/yoast.com\/wordpress\/plugins\/seo\/ -->\n<title>Ca&#039; di Rajo, cantina vini in Veneto: tradizione e innovazione<\/title>\n<meta name=\"description\" content=\"Per accompagnarti in ogni momento della giornata, l&#039;azienda agricola Ca&#039; di Rajo ti offre i migliori vini della provincia di Treviso. Vieni ad assaggiarli.\" \/>\n<meta name=\"robots\" content=\"index, follow, max-snippet:-1, max-image-preview:large, max-video-preview:-1\" \/>\n<link rel=\"canonical\" href=\"https:\/\/www.cadirajo.it\/it\/\" \/>\n<meta property=\"og:locale\" content=\"it_IT\" \/>\n<meta property=\"og:type\" content=\"article\" \/>\n<meta property=\"og:title\" content=\"Ca&#039; di Rajo, cantina vini in Veneto: tradizione e innovazione\" \/>\n<meta property=\"og:description\" content=\"Per accompagnarti in ogni momento della giornata, l&#039;azienda agricola Ca&#039; di Rajo ti offre i migliori vini della provincia di Treviso. Vieni ad assaggiarli.\" \/>\n<meta property=\"og:url\" content=\"https:\/\/www.cadirajo.it\/it\/\" \/>\n<meta property=\"og:site_name\" content=\"Ca&#039; di Rajo Vini\" \/>\n<meta property=\"article:modified_time\" content=\"2023-11-21T10:49:02+00:00\" \/>\n<meta name=\"twitter:card\" content=\"summary_large_image\" \/>\n<meta name=\"twitter:label1\" content=\"Tempo di lettura stimato\" \/>\n\t<meta name=\"twitter:data1\" content=\"2 minuti\" \/>\n<script type=\"application\/ld+json\" class=\"yoast-schema-graph\">{\"@context\":\"https:\/\/schema.org\",\"@graph\":[{\"@type\":\"WebPage\",\"@id\":\"https:\/\/www.cadirajo.it\/it\/\",\"url\":\"https:\/\/www.cadirajo.it\/it\/\",\"name\":\"Ca' di Rajo, cantina vini in Veneto: tradizione e innovazione\",\"isPartOf\":{\"@id\":\"https:\/\/www.cadirajo.it\/it\/#website\"},\"datePublished\":\"2019-05-01T12:05:06+00:00\",\"dateModified\":\"2023-11-21T10:49:02+00:00\",\"description\":\"Per accompagnarti in ogni momento della giornata, l'azienda agricola Ca' di Rajo ti offre i migliori vini della provincia di Treviso. Vieni ad assaggiarli.\",\"breadcrumb\":{\"@id\":\"https:\/\/www.cadirajo.it\/it\/#breadcrumb\"},\"inLanguage\":\"it-IT\",\"potentialAction\":[{\"@type\":\"ReadAction\",\"target\":[\"https:\/\/www.cadirajo.it\/it\/\"]}]},{\"@type\":\"BreadcrumbList\",\"@id\":\"https:\/\/www.cadirajo.it\/it\/#breadcrumb\",\"itemListElement\":[{\"@type\":\"ListItem\",\"position\":1,\"name\":\"Home\",\"item\":\"https:\/\/www.cadirajo.it\/it\/\"},{\"@type\":\"ListItem\",\"position\":2,\"name\":\"Home\"}]},{\"@type\":\"WebSite\",\"@id\":\"https:\/\/www.cadirajo.it\/it\/#website\",\"url\":\"https:\/\/www.cadirajo.it\/it\/\",\"name\":\"Ca&#039; di Rajo Vini\",\"description\":\"Raggio d&#039;ingegno\",\"potentialAction\":[{\"@type\":\"SearchAction\",\"target\":{\"@type\":\"EntryPoint\",\"urlTemplate\":\"https:\/\/www.cadirajo.it\/it\/?s={search_term_string}\"},\"query-input\":\"required name=search_term_string\"}],\"inLanguage\":\"it-IT\"}]}<\/script>\n<!-- \/ Yoast SEO plugin. -->","yoast_head_json":{"title":"Ca' di Rajo, cantina vini in Veneto: tradizione e innovazione","description":"Per accompagnarti in ogni momento della giornata, l'azienda agricola Ca' di Rajo ti offre i migliori vini della provincia di Treviso. Vieni ad assaggiarli.","robots":{"index":"index","follow":"follow","max-snippet":"max-snippet:-1","max-image-preview":"max-image-preview:large","max-video-preview":"max-video-preview:-1"},"canonical":"https:\/\/www.cadirajo.it\/it\/","og_locale":"it_IT","og_type":"article","og_title":"Ca' di Rajo, cantina vini in Veneto: tradizione e innovazione","og_description":"Per accompagnarti in ogni momento della giornata, l'azienda agricola Ca' di Rajo ti offre i migliori vini della provincia di Treviso. Vieni ad assaggiarli.","og_url":"https:\/\/www.cadirajo.it\/it\/","og_site_name":"Ca&#039; di Rajo Vini","article_modified_time":"2023-11-21T10:49:02+00:00","twitter_card":"summary_large_image","twitter_misc":{"Tempo di lettura stimato":"2 minuti"},"schema":{"@context":"https:\/\/schema.org","@graph":[{"@type":"WebPage","@id":"https:\/\/www.cadirajo.it\/it\/","url":"https:\/\/www.cadirajo.it\/it\/","name":"Ca' di Rajo, cantina vini in Veneto: tradizione e innovazione","isPartOf":{"@id":"https:\/\/www.cadirajo.it\/it\/#website"},"datePublished":"2019-05-01T12:05:06+00:00","dateModified":"2023-11-21T10:49:02+00:00","description":"Per accompagnarti in ogni momento della giornata, l'azienda agricola Ca' di Rajo ti offre i migliori vini della provincia di Treviso. Vieni ad assaggiarli.","breadcrumb":{"@id":"https:\/\/www.cadirajo.it\/it\/#breadcrumb"},"inLanguage":"it-IT","potentialAction":[{"@type":"ReadAction","target":["https:\/\/www.cadirajo.it\/it\/"]}]},{"@type":"BreadcrumbList","@id":"https:\/\/www.cadirajo.it\/it\/#breadcrumb","itemListElement":[{"@type":"ListItem","position":1,"name":"Home","item":"https:\/\/www.cadirajo.it\/it\/"},{"@type":"ListItem","position":2,"name":"Home"}]},{"@type":"WebSite","@id":"https:\/\/www.cadirajo.it\/it\/#website","url":"https:\/\/www.cadirajo.it\/it\/","name":"Ca&#039; di Rajo Vini","description":"Raggio d&#039;ingegno","potentialAction":[{"@type":"SearchAction","target":{"@type":"EntryPoint","urlTemplate":"https:\/\/www.cadirajo.it\/it\/?s={search_term_string}"},"query-input":"required name=search_term_string"}],"inLanguage":"it-IT"}]}},"jetpack_sharing_enabled":true,"_links":{"self":[{"href":"https:\/\/www.cadirajo.it\/it\/wp-json\/wp\/v2\/pages\/3274"}],"collection":[{"href":"https:\/\/www.cadirajo.it\/it\/wp-json\/wp\/v2\/pages"}],"about":[{"href":"https:\/\/www.cadirajo.it\/it\/wp-json\/wp\/v2\/types\/page"}],"author":[{"embeddable":true,"href":"https:\/\/www.cadirajo.it\/it\/wp-json\/wp\/v2\/users\/3"}],"replies":[{"embeddable":true,"href":"https:\/\/www.cadirajo.it\/it\/wp-json\/wp\/v2\/comments?post=3274"}],"version-history":[{"count":14,"href":"https:\/\/www.cadirajo.it\/it\/wp-json\/wp\/v2\/pages\/3274\/revisions"}],"predecessor-version":[{"id":13413,"href":"https:\/\/www.cadirajo.it\/it\/wp-json\/wp\/v2\/pages\/3274\/revisions\/13413"}],"wp:attachment":[{"href":"https:\/\/www.cadirajo.it\/it\/wp-json\/wp\/v2\/media?parent=3274"}],"curies":[{"name":"wp","href":"https:\/\/api.w.org\/{rel}","templated":true}]}}