{"id":3192,"date":"2019-04-23T10:24:55","date_gmt":"2019-04-23T08:24:55","guid":{"rendered":"http:\/\/localhost\/project\/wp\/cadirajo\/en\/?page_id=3192"},"modified":"2023-06-19T13:53:32","modified_gmt":"2023-06-19T11:53:32","slug":"bellussera","status":"publish","type":"page","link":"https:\/\/www.cadirajo.it\/it\/bellussera\/","title":{"rendered":"Bellussera"},"content":{"rendered":"<p>[vc_row full_width=&#8221;stretch_row_content_no_spaces&#8221;][vc_column][rev_slider_vc alias=&#8221;Bellussera&#8221;][\/vc_column][\/vc_row][vc_row][vc_column]<div class=\"ult-content-box-container container\" >\t\t<div class=\"ult-content-box\" style=\"box-shadow: px px px px none;-webkit-transition: all 700ms ease;-moz-transition: all 700ms ease;-ms-transition: all 700ms ease;-o-transition: all 700ms ease;transition: all 700ms ease;\"  data-hover_box_shadow=\"none\"    >[vc_custom_heading text=&#8221;I nostri vigneti storici coltivati a Bellussera&#8221; font_container=&#8221;tag:h1|text_align:center&#8221;][vc_column_text]I 15 ettari coltivati da Ca\u2019 di Rajo nella zona del Piave costituiscono, oggi, <strong>una delle pi\u00f9 grandi propriet\u00e0 allevate a Bellussera<\/strong>. Per la disposizione geometrica che permette un\u2019elevata esposizione delle viti, la Bellussera si rivela un sistema di coltivazione altamente ecosostenibile.[\/vc_column_text]\t\t<\/div><\/div>[\/vc_column][\/vc_row][vc_row][vc_column width=&#8221;2\/3&#8243;][vc_empty_space height=&#8221;64px&#8221;][\/vc_column][vc_column width=&#8221;1\/3&#8243;][\/vc_column][\/vc_row][vc_section full_width=&#8221;stretch_row&#8221; css=&#8221;.vc_custom_1557137310688{margin-bottom: 0px !important;padding-bottom: 0px !important;background-color: #f6efe7 !important;}&#8221; el_class=&#8221;ca-overflow-visible&#8221;][vc_row][vc_column width=&#8221;1\/2&#8243;][vc_empty_space height=&#8221;64px&#8221;][vc_column_text]<\/p>\n<p style=\"text-align: left;\">Il sistema di coltivazione della vite a Bellussera, detto anche a raggi, \u00e8 un <strong>antico sistema diffuso principalmente in Veneto<\/strong> e messo a punto dai fratelli Bellussi di Tezze di Piave (Treviso) alla fine dell\u2019800, per combattere il flagello della peronospora.<\/p>\n<p>[\/vc_column_text][vc_column_text]<b>La Bellussera<\/b><span style=\"font-weight: 400;\"> prevede un sesto di impianto ampio dove pali in legno di circa 4 metri di altezza sono collegati tra di loro da fili di ferro disposti a raggi. <\/span>[\/vc_column_text][vc_column_text]<span style=\"font-weight: 400;\">Ogni palo sostiene 4 viti, alzate circa 2.50 metri da terra, e da ciascuna di esse si formano dei cordoni permanenti che vengono fatti sviluppare inclinati verso l\u2019alto e in diagonale rispetto all\u2019interfilare, formando una raggiera.<\/span>[\/vc_column_text][vc_empty_space height=&#8221;64px&#8221;][\/vc_column][vc_column width=&#8221;1\/2&#8243; css=&#8221;.vc_custom_1557137460634{margin-top: -110px !important;}&#8221;][vc_single_image image=&#8221;5726&#8243; img_size=&#8221;full&#8221; css=&#8221;.vc_custom_1561971429151{margin-bottom: 0px !important;}&#8221;][\/vc_column][\/vc_row][\/vc_section][vc_row css=&#8221;.vc_custom_1558950136443{margin-top: 40px !important;}&#8221;][vc_column width=&#8221;1\/2&#8243;][vc_column_text]<\/p>\n<h2>UN PATRIMONIO STORICO DA CUSTODIRE<\/h2>\n<p>[\/vc_column_text][vc_column_text]<span style=\"font-weight: 400;\">Nonostante questo metodo di coltivazione sia ormai caduto in disuso e soppiantato da sistemi di allevamento meccanizzabili, <\/span><a href=\"\/it\/la-cantina\"><b>la nostra cantina <\/b><\/a><span style=\"font-weight: 400;\">ancora oggi mantiene una ottima produzione d&#8217;uva da <\/span><b>vigneti coltivati a Bellussera,<\/b><span style=\"font-weight: 400;\"> impegnandosi con grande passione ad esaltarne il valore e l\u2019unicit\u00e0. <\/span><\/p>\n<p><span style=\"font-weight: 400;\">Questi vigneti per noi rappresentano <\/span><b>un patrimonio storico da custodire,<\/b><span style=\"font-weight: 400;\"> perch\u00e9 su di essi si fonda la memoria della nostra identit\u00e0 e la tipicit\u00e0 del nostro territorio. <\/span>[\/vc_column_text][\/vc_column][vc_column width=&#8221;1\/2&#8243;][vc_column_text]<span style=\"font-weight: 400;\">Da questi <\/span><b>vigneti storici nel territorio del fiume Piave,<\/b><span style=\"font-weight: 400;\"> che oggi hanno raggiunto i 70 anni di vita, siamo quindi partiti per costruire la grandezza del nostro futuro.<\/span>[\/vc_column_text][vc_single_image image=&#8221;5582&#8243; img_size=&#8221;full&#8221; alignment=&#8221;center&#8221;][vc_column_text]<span style=\"font-weight: 400;\">Turisti, <\/span><strong>wine lovers<\/strong><span style=\"font-weight: 400;\"> ed operatori in visita alla nostra cantina non si lasciano mai sfuggire l\u2019opportunit\u00e0 di immortalare con qualche scatto l\u2019incanto e la \u00a0particolarit\u00e0 dei nostri <\/span><b>vigneti coltivati a \u201cbellussera\u201d<\/b><b>: <\/b><span style=\"font-weight: 400;\">un ricamo nell\u2019aria e un metodo di coltivazione antico e ormai introvabile. <\/span>[\/vc_column_text][\/vc_column][\/vc_row][vc_row][vc_column]<div class=\"container prefooter-social\">\n\t<div class=\"col-md-12 col-xs-12\">\n\t\t<h2>RESTA IN <a href='\/it\/contatti'>CONTATTO<\/a><br>CON CA\u2019 DI RAJO<\/h2>\n\t<\/div>\n\t<div class=\"col-md-4 col-xs-12 newsletter-column\">\n\t\t<h4>Iscriviti ora alla newsletter<\/h4>\n\t\t<p>Non perderti nulla dal mondo Ca\u2019 di Rajo.<\/p>\n\t\t<!-- Begin Mailchimp Signup Form -->\n<link href=\"\/\/cdn-images.mailchimp.com\/embedcode\/classic-10_7.css\" rel=\"stylesheet\" type=\"text\/css\">\n<style type=\"text\/css\">\n\t#mc_embed_signup{background:#fff; clear:left; font:14px Helvetica,Arial,sans-serif;  width:600px;}\n\t\/* Add your own Mailchimp form style overrides in your site stylesheet or in this style block.\n\t   We recommend moving this block and the preceding CSS link to the HEAD of your HTML file. *\/\n<\/style>\n<style type=\"text\/css\">\n\t#mc-embedded-subscribe-form input[type=checkbox]{display: inline; width: auto;margin-right: 10px;}\n\t#mergeRow-gdpr {margin-top: 20px;}\n\t#mergeRow-gdpr fieldset label {font-weight: normal;}\n\t#mc-embedded-subscribe-form .mc_fieldset{border:none;min-height: 0px;padding-bottom:0px;}\n<\/style>\n<div id=\"mc_embed_signup\">\n<form action=\"https:\/\/cadirajo.us17.list-manage.com\/subscribe\/post?u=549c8e35f3d628cbc7d230177&amp;id=bc5ddd714d\" method=\"post\" id=\"mc-embedded-subscribe-form\" name=\"mc-embedded-subscribe-form\" class=\"validate\" target=\"_blank\" novalidate>\n    <div id=\"mc_embed_signup_scroll\">\n\n<div class=\"indicates-required\"><span class=\"asterisk\">*<\/span> indicates required<\/div>\n<div class=\"mc-field-group\">\n\t<label for=\"mce-EMAIL\">Email  <span class=\"asterisk\">*<\/span>\n<\/label>\n\t<input type=\"email\" value=\"\" name=\"EMAIL\" class=\"required email\" id=\"mce-EMAIL\">\n<\/div>\n<div id=\"mergeRow-gdpr\" class=\"mergeRow gdpr-mergeRow content__gdprBlock mc-field-group\">\n    <div class=\"content__gdpr\">\n        <label>Autorizzazione Marketing<\/label>\n        <p>Ca' di Rajo utilizzer\u00e0 le informazioni fornite in questo modulo per rimanere in contatto con te e per comunicarti aggiornamenti e promozioni.<\/p>\n        <fieldset class=\"mc_fieldset gdprRequired mc-field-group\" name=\"interestgroup_field\">\n\t\t<label class=\"checkbox subfield\" for=\"gdpr_38700\"><input type=\"checkbox\" id=\"gdpr_38700\" name=\"gdpr[38700]\" value=\"Y\" class=\"av-checkbox gdpr\"><span>Email<\/span> <\/label><label class=\"checkbox subfield\" for=\"gdpr_38704\"><input type=\"checkbox\" id=\"gdpr_38704\" name=\"gdpr[38704]\" value=\"Y\" class=\"av-checkbox gdpr\"><span>Newsletter<\/span> <\/label><label class=\"checkbox subfield\" for=\"gdpr_39656\"><input type=\"checkbox\" id=\"gdpr_39656\" name=\"gdpr[39656]\" value=\"Y\" class=\"av-checkbox gdpr\"><span>Telefono<\/span> <\/label>\n        <\/fieldset>\n        <p>\u00c8 possibile annullare l'iscrizione in qualsiasi momento cliccando il link in fondo a questa e-mail. Per informazioni sulla nostra privacy policy, si prega di visitare il nostro sito web<\/p>\n    <\/div>\n    <div class=\"content__gdprLegal\">\n        <p>We use Mailchimp as our marketing platform. By clicking below to subscribe, you acknowledge that your information will be transferred to Mailchimp for processing. <a href=\"https:\/\/mailchimp.com\/legal\/terms\" target=\"_blank\">Learn more about Mailchimp's privacy practices here.<\/a><\/p>\n    <\/div>\n<\/div>\n\t<div id=\"mce-responses\" class=\"clear\">\n\t\t<div class=\"response\" id=\"mce-error-response\" style=\"display:none\"><\/div>\n\t\t<div class=\"response\" id=\"mce-success-response\" style=\"display:none\"><\/div>\n\t<\/div>    <!-- real people should not fill this in and expect good things - do not remove this or risk form bot signups-->\n    <div style=\"position: absolute; left: -5000px;\" aria-hidden=\"true\"><input type=\"text\" name=\"b_549c8e35f3d628cbc7d230177_bc5ddd714d\" tabindex=\"-1\" value=\"\"><\/div>\n    <div class=\"clear\"><input type=\"submit\" value=\"Subscribe\" name=\"subscribe\" id=\"mc-embedded-subscribe\" class=\"button\"><\/div>\n    <\/div>\n<\/form>\n<\/div>\n<script type='text\/javascript' src='\/\/s3.amazonaws.com\/downloads.mailchimp.com\/js\/mc-validate.js'><\/script><script type='text\/javascript'>(function($) {window.fnames = new Array(); window.ftypes = new Array();fnames[0]='EMAIL';ftypes[0]='email';fnames[1]='FNAME';ftypes[1]='text';fnames[2]='LNAME';ftypes[2]='text';fnames[3]='ADDRESS';ftypes[3]='address';fnames[4]='PHONE';ftypes[4]='phone';fnames[5]='BIRTHDAY';ftypes[5]='birthday';fnames[6]='MMERGE6';ftypes[6]='text';fnames[7]='MMERGE7';ftypes[7]='text';fnames[8]='MMERGE8';ftypes[8]='text';fnames[9]='MMERGE9';ftypes[9]='text'; \/*\n * Translated default messages for the $ validation plugin.\n * Locale: IT\n *\/\n$.extend($.validator.messages, {\n       required: \"Campo obbligatorio.\",\n       remote: \"Controlla questo campo.\",\n       email: \"Inserisci un indirizzo email valido.\",\n       url: \"Inserisci un indirizzo web valido.\",\n       date: \"Inserisci una data valida.\",\n       dateISO: \"Inserisci una data valida (ISO).\",\n       number: \"Inserisci un numero valido.\",\n       digits: \"Inserisci solo numeri.\",\n       creditcard: \"Inserisci un numero di carta di credito valido.\",\n       equalTo: \"Il valore non corrisponde.\",\n       accept: \"Inserisci un valore con un&apos;estensione valida.\",\n       maxlength: $.validator.format(\"Non inserire pi&ugrave; di {0} caratteri.\"),\n       minlength: $.validator.format(\"Inserisci almeno {0} caratteri.\"),\n       rangelength: $.validator.format(\"Inserisci un valore compreso tra {0} e {1} caratteri.\"),\n       range: $.validator.format(\"Inserisci un valore compreso tra {0} e {1}.\"),\n       max: $.validator.format(\"Inserisci un valore minore o uguale a {0}.\"),\n       min: $.validator.format(\"Inserisci un valore maggiore o uguale a {0}.\")\n});}(jQuery));var $mcj = jQuery.noConflict(true);<\/script>\n<!--End mc_embed_signup-->\n\t<\/div>\n\t<div class=\"col-md-4 col-xs-12\">\n\t\t<a class=\"hashtag\" href=\"https:\/\/www.instagram.com\/cadirajo.wines\/\" target=\"_blank\">@cadirajo.wines<\/a>\n\t\t<a class=\"follow-button\" href=\"https:\/\/www.instagram.com\/cadirajo.wines\/\" target=\"_blank\">Segui<\/a>\n\t\t\t<\/div>\n\t<div class=\"col-md-4 col-xs-12\">\n\t\t\t\t<div id=\"fb-root\"><\/div>\n\t\t<script>(function(e,a,f){var c,b=e.getElementsByTagName(a)[0];if(e.getElementById(f)){return}c=e.createElement(a);c.id=f;c.src=\"\/\/connect.facebook.net\/it_IT\/sdk.js#xfbml=1&version=v2.7\";b.parentNode.insertBefore(c,b)}(document,\"script\",\"facebook-jssdk\"));<\/script>\n\t\t<div class=\"fb-page\" data-href=\"https:\/\/www.facebook.com\/cadirajo.wines\/\" data-width=\"440px\" data-height=\"435px\" data-small-header=\"false\" data-adapt-container-width=\"true\" data-hide-cover=\"false\" data-show-facepile=\"true\">\n\t\t<blockquote cite=\"https:\/\/www.facebook.com\/cadirajo.wines\/\" class=\"fb-xfbml-parse-ignore\"><a href=\"https:\/\/www.facebook.com\/cadirajo.wines\/\">Ca' di Rajo Wines<\/a><\/blockquote><\/div>\n\t<\/div>\n<\/div>[\/vc_column][\/vc_row]<!--more--><\/p>\n","protected":false},"excerpt":{"rendered":"[vc_row full_width=&#8221;stretch_row_content_no_spaces&#8221;][vc_column][rev_slider_vc alias=&#8221;Bellussera&#8221;][\/vc_column][\/vc_row][vc_row][vc_column][\/vc_column][\/vc_row][vc_row][vc_column width=&#8221;2\/3&#8243;][vc_empty_space height=&#8221;64px&#8221;][\/vc_column][vc_column width=&#8221;1\/3&#8243;][\/vc_column][\/vc_row][vc_section full_width=&#8221;stretch_row&#8221; css=&#8221;.vc_custom_1557137310688{margin-bottom: 0px !important;padding-bottom: 0px !important;background-color: #f6efe7 !important;}&#8221; el_class=&#8221;ca-overflow-visible&#8221;][vc_row][vc_column width=&#8221;1\/2&#8243;][vc_empty_space height=&#8221;64px&#8221;][vc_column_text] Il sistema di coltivazione della vite a Bellussera, detto anche a raggi, \u00e8 un antico sistema diffuso principalmente in Veneto e messo a punto dai fratelli Bellussi di Tezze di Piave (Treviso) alla fine dell\u2019800, per combattere il [&hellip;]","protected":false},"author":3,"featured_media":0,"parent":0,"menu_order":0,"comment_status":"closed","ping_status":"closed","template":"","meta":{"footnotes":""},"class_list":["post-3192","page","type-page","status-publish","hentry"],"yoast_head":"<!-- This site is optimized with the Yoast SEO plugin v23.3 - https:\/\/yoast.com\/wordpress\/plugins\/seo\/ -->\n<title>Vigneti con sistema a Bellussera nel territorio del Piave<\/title>\n<meta name=\"description\" content=\"La Bellussera \u00e8 un antico metodo locale di coltivazione della vite con disposizione dei tralci a raggera fino ad una altezza di 4 metri.\" \/>\n<meta name=\"robots\" content=\"index, follow, max-snippet:-1, max-image-preview:large, max-video-preview:-1\" \/>\n<link rel=\"canonical\" href=\"https:\/\/www.cadirajo.it\/it\/bellussera\/\" \/>\n<meta property=\"og:locale\" content=\"it_IT\" \/>\n<meta property=\"og:type\" content=\"article\" \/>\n<meta property=\"og:title\" content=\"Vigneti con sistema a Bellussera nel territorio del Piave\" \/>\n<meta property=\"og:description\" content=\"La Bellussera \u00e8 un antico metodo locale di coltivazione della vite con disposizione dei tralci a raggera fino ad una altezza di 4 metri.\" \/>\n<meta property=\"og:url\" content=\"https:\/\/www.cadirajo.it\/it\/bellussera\/\" \/>\n<meta property=\"og:site_name\" content=\"Ca&#039; di Rajo Vini\" \/>\n<meta property=\"article:modified_time\" content=\"2023-06-19T11:53:32+00:00\" \/>\n<meta name=\"twitter:card\" content=\"summary_large_image\" \/>\n<meta name=\"twitter:label1\" content=\"Tempo di lettura stimato\" \/>\n\t<meta name=\"twitter:data1\" content=\"2 minuti\" \/>\n<script type=\"application\/ld+json\" class=\"yoast-schema-graph\">{\"@context\":\"https:\/\/schema.org\",\"@graph\":[{\"@type\":\"WebPage\",\"@id\":\"https:\/\/www.cadirajo.it\/it\/bellussera\/\",\"url\":\"https:\/\/www.cadirajo.it\/it\/bellussera\/\",\"name\":\"Vigneti con sistema a Bellussera nel territorio del Piave\",\"isPartOf\":{\"@id\":\"https:\/\/www.cadirajo.it\/it\/#website\"},\"datePublished\":\"2019-04-23T08:24:55+00:00\",\"dateModified\":\"2023-06-19T11:53:32+00:00\",\"description\":\"La Bellussera \u00e8 un antico metodo locale di coltivazione della vite con disposizione dei tralci a raggera fino ad una altezza di 4 metri.\",\"breadcrumb\":{\"@id\":\"https:\/\/www.cadirajo.it\/it\/bellussera\/#breadcrumb\"},\"inLanguage\":\"it-IT\",\"potentialAction\":[{\"@type\":\"ReadAction\",\"target\":[\"https:\/\/www.cadirajo.it\/it\/bellussera\/\"]}]},{\"@type\":\"BreadcrumbList\",\"@id\":\"https:\/\/www.cadirajo.it\/it\/bellussera\/#breadcrumb\",\"itemListElement\":[{\"@type\":\"ListItem\",\"position\":1,\"name\":\"Home\",\"item\":\"https:\/\/www.cadirajo.it\/it\/\"},{\"@type\":\"ListItem\",\"position\":2,\"name\":\"Bellussera\"}]},{\"@type\":\"WebSite\",\"@id\":\"https:\/\/www.cadirajo.it\/it\/#website\",\"url\":\"https:\/\/www.cadirajo.it\/it\/\",\"name\":\"Ca&#039; di Rajo Vini\",\"description\":\"Raggio d&#039;ingegno\",\"potentialAction\":[{\"@type\":\"SearchAction\",\"target\":{\"@type\":\"EntryPoint\",\"urlTemplate\":\"https:\/\/www.cadirajo.it\/it\/?s={search_term_string}\"},\"query-input\":\"required name=search_term_string\"}],\"inLanguage\":\"it-IT\"}]}<\/script>\n<!-- \/ Yoast SEO plugin. -->","yoast_head_json":{"title":"Vigneti con sistema a Bellussera nel territorio del Piave","description":"La Bellussera \u00e8 un antico metodo locale di coltivazione della vite con disposizione dei tralci a raggera fino ad una altezza di 4 metri.","robots":{"index":"index","follow":"follow","max-snippet":"max-snippet:-1","max-image-preview":"max-image-preview:large","max-video-preview":"max-video-preview:-1"},"canonical":"https:\/\/www.cadirajo.it\/it\/bellussera\/","og_locale":"it_IT","og_type":"article","og_title":"Vigneti con sistema a Bellussera nel territorio del Piave","og_description":"La Bellussera \u00e8 un antico metodo locale di coltivazione della vite con disposizione dei tralci a raggera fino ad una altezza di 4 metri.","og_url":"https:\/\/www.cadirajo.it\/it\/bellussera\/","og_site_name":"Ca&#039; di Rajo Vini","article_modified_time":"2023-06-19T11:53:32+00:00","twitter_card":"summary_large_image","twitter_misc":{"Tempo di lettura stimato":"2 minuti"},"schema":{"@context":"https:\/\/schema.org","@graph":[{"@type":"WebPage","@id":"https:\/\/www.cadirajo.it\/it\/bellussera\/","url":"https:\/\/www.cadirajo.it\/it\/bellussera\/","name":"Vigneti con sistema a Bellussera nel territorio del Piave","isPartOf":{"@id":"https:\/\/www.cadirajo.it\/it\/#website"},"datePublished":"2019-04-23T08:24:55+00:00","dateModified":"2023-06-19T11:53:32+00:00","description":"La Bellussera \u00e8 un antico metodo locale di coltivazione della vite con disposizione dei tralci a raggera fino ad una altezza di 4 metri.","breadcrumb":{"@id":"https:\/\/www.cadirajo.it\/it\/bellussera\/#breadcrumb"},"inLanguage":"it-IT","potentialAction":[{"@type":"ReadAction","target":["https:\/\/www.cadirajo.it\/it\/bellussera\/"]}]},{"@type":"BreadcrumbList","@id":"https:\/\/www.cadirajo.it\/it\/bellussera\/#breadcrumb","itemListElement":[{"@type":"ListItem","position":1,"name":"Home","item":"https:\/\/www.cadirajo.it\/it\/"},{"@type":"ListItem","position":2,"name":"Bellussera"}]},{"@type":"WebSite","@id":"https:\/\/www.cadirajo.it\/it\/#website","url":"https:\/\/www.cadirajo.it\/it\/","name":"Ca&#039; di Rajo Vini","description":"Raggio d&#039;ingegno","potentialAction":[{"@type":"SearchAction","target":{"@type":"EntryPoint","urlTemplate":"https:\/\/www.cadirajo.it\/it\/?s={search_term_string}"},"query-input":"required name=search_term_string"}],"inLanguage":"it-IT"}]}},"jetpack_sharing_enabled":true,"_links":{"self":[{"href":"https:\/\/www.cadirajo.it\/it\/wp-json\/wp\/v2\/pages\/3192"}],"collection":[{"href":"https:\/\/www.cadirajo.it\/it\/wp-json\/wp\/v2\/pages"}],"about":[{"href":"https:\/\/www.cadirajo.it\/it\/wp-json\/wp\/v2\/types\/page"}],"author":[{"embeddable":true,"href":"https:\/\/www.cadirajo.it\/it\/wp-json\/wp\/v2\/users\/3"}],"replies":[{"embeddable":true,"href":"https:\/\/www.cadirajo.it\/it\/wp-json\/wp\/v2\/comments?post=3192"}],"version-history":[{"count":4,"href":"https:\/\/www.cadirajo.it\/it\/wp-json\/wp\/v2\/pages\/3192\/revisions"}],"predecessor-version":[{"id":11075,"href":"https:\/\/www.cadirajo.it\/it\/wp-json\/wp\/v2\/pages\/3192\/revisions\/11075"}],"wp:attachment":[{"href":"https:\/\/www.cadirajo.it\/it\/wp-json\/wp\/v2\/media?parent=3192"}],"curies":[{"name":"wp","href":"https:\/\/api.w.org\/{rel}","templated":true}]}}