{"id":3174,"date":"2019-04-23T10:19:10","date_gmt":"2019-04-23T08:19:10","guid":{"rendered":"http:\/\/localhost\/project\/wp\/cadirajo\/en\/?page_id=3174"},"modified":"2025-05-16T15:25:31","modified_gmt":"2025-05-16T13:25:31","slug":"cantina","status":"publish","type":"page","link":"https:\/\/www.cadirajo.it\/it\/cantina\/","title":{"rendered":"La Cantina"},"content":{"rendered":"<p>[vc_row full_width=&#8221;stretch_row_content_no_spaces&#8221;][vc_column][rev_slider_vc alias=&#8221;azienda-it&#8221;][\/vc_column][\/vc_row][vc_row][vc_column]<div class=\"ult-content-box-container container\" >\t\t<div class=\"ult-content-box\" style=\"box-shadow: px px px px none;-webkit-transition: all 700ms ease;-moz-transition: all 700ms ease;-ms-transition: all 700ms ease;-o-transition: all 700ms ease;transition: all 700ms ease;\"  data-hover_box_shadow=\"none\"    >[vc_custom_heading text=&#8221;La Produzione di Vini che racconta il Territorio&#8221; font_container=&#8221;tag:h1|text_align:center&#8221;][vc_column_text]Nel 2005 nasce la <strong>cantina di vini Ca&#8217; di Rajo<\/strong>, sulle fondamenta gettate dalla famiglia Cecchetto, che gi\u00e0 produceva uva sin dal 1931, prima con il nonno Marino e poi con il padre Bortolo. Alla guida dell&#8217;azienda, troviamo ora la terza generazione della famiglia Cecchetto, con i fratelli Simone, Alessio e Fabio. A gennaio 2024 nasce <strong>Ca&#8217;di Rajo Group Srl<\/strong> che incorpora tutti i brand di propriet\u00e0 per offrire ai clienti italiani e internazionali un&#8217;offerta sempre pi\u00f9 orientata alle esigenze del mercato e un servizio su misura che possa rispondere efficacemente alle richieste dei nostri clienti.<\/p>\n<p>Fiore all\u2019occhiello della produzione dell\u2019azienda Ca\u2019 di Rajo \u00e8 il <b>Raboso Piave,<\/b> cavallo di razza difficile da domare, vino unico e tra i pi\u00f9 tipici della DOC Piave che dal 2012 si forgia della nuova DOCG Malanotte del Piave.<\/p>\n<p>Il <b>Raboso Piave<\/b> \u00e8 un vino quasi estremo e forse per questo lasciato in disparte, perch\u00e9 intimorisce per la sua natura forte e rabbiosa.<\/p>\n<p>Altro vitigno autoctono \u00e8 il <b>Manzoni Bianco 6.0.13,<\/b> che trova nel bacino del Piave un terreno adatto per il suo sviluppo, proprio come lo voleva colui che lo ide\u00f2: il Prof. Luigi Manzoni, ricercatore e luminare per oltre 60 anni alla Scuola Enologia di Conegliano.<\/p>\n<p>Nei fertili terreni <b>dell\u2019azienda Ca\u2019 di Rajo<\/b> si producono inoltre Pinot Grigio, Chardonnay, Traminer, Sauvignon Blanc, Cabernet Sauvignon, Cabernet Franc e Merlot.<\/p>\n<h2>Le Certificazioni<\/h2>\n<p>L\u2019azienda si avvale delle pi\u00f9 innovative tecnologie di vinificazione, con uno spirito imprenditoriale moderno, dinamico e sostenibile.<br \/>\nNel corso degli ultimi anni, grazie ad un controllo meticoloso di tutti i processi produttivi lungo l&#8217;intera filiera, Ca&#8217; di Rajo \u00e8 oggi una realt\u00e0 solida e attenta ai trend del mercato internazionale, in grado di garantire standard di produzione sicuri e <a href=\"https:\/\/www.cadirajo.it\/wp-content\/uploads\/2024\/05\/CERT_FSSC_Ca_di_Rajo_SS_2024.pdf\">certificati FSSC 22000<\/a>.<\/p>\n<p>Da diversi anni, l&#8217;azienda ha aderito al <strong>Sistema di Qualit\u00e0 Nazionale Integrata (SQNPI)<\/strong>. Tale certificazione, concessa solamente a quelle aziende italiane che utilizzano tecniche di produzione agricola integrata, ha tra i suoi obiettivi, garantire che tutti i processi produttivi siano sostenibili, ovvero rispettosi per l&#8217;ambiente e sicuri per la salute di tutti.[\/vc_column_text]\t\t<\/div><\/div>[\/vc_column][\/vc_row][vc_row][vc_column width=&#8221;2\/3&#8243;][vc_custom_heading text=&#8221;Bilancio di Sostenibilit\u00e0&#8221; font_container=&#8221;tag:h2|text_align:center&#8221;][vc_column_text css=&#8221;.vc_custom_1747401927183{margin-top: 70px !important;margin-bottom: 70px !important;}&#8221;]Il Bilancio di Sostenibilit\u00e0 rappresenta non solo un punto di arrivo ma, soprattutto, un punto di partenza verso un futuro in cui eccellenza, responsabilit\u00e0 e innovazione si fondono per creare un impatto positivo sul mondo che ci circonda.<\/p>\n<p>Benessere del dipendente, sicurezza sul lavoro e la riduzione degli sprechi sono i tre motivi principali che ci spingono a migliorare noi stessi attraverso il miglioramento del nostro ambiente di lavoro, riducendo l&#8217;impatto che esso genera nell&#8217;ambiente.<\/p>\n<p>La nostra visione di sostenibilit\u00e0, infatti, considera l&#8217;ambiente, la societ\u00e0 e l&#8217;economia come parti di un unico sistema interconnesso, proprio come testimonia la nostra campagna &#8220;We Are a Family, Not Just a Team&#8221;!<\/p>\n<h4><a href=\"https:\/\/www.cadirajo.it\/wp-content\/uploads\/2024\/05\/bilancio_sostenibilita_2023.pdf\">Scarica il nostro Bilancio di Sostenibilit\u00e0 2023<\/a><\/h4>\n<h4><a href=\"https:\/\/www.cadirajo.it\/wp-content\/uploads\/2025\/05\/BILANCIO_SOSTENIBILITA_2024.pdf\">Scarica il nostro Bilancio di Sostenibilit\u00e0 2024<\/a><\/h4>\n<p>[\/vc_column_text][\/vc_column][vc_column width=&#8221;1\/3&#8243;][vc_single_image image=&#8221;13977&#8243; img_size=&#8221;full&#8221; alignment=&#8221;right&#8221; onclick=&#8221;custom_link&#8221; img_link_target=&#8221;_blank&#8221; link=&#8221;https:\/\/www.cadirajo.it\/wp-content\/uploads\/2024\/05\/bilancio_sostenibilita_2023.pdf&#8221;][\/vc_column][\/vc_row][vc_row full_width=&#8221;stretch_row_content_no_spaces&#8221;][vc_column][vc_column_text]<\/p>\n<p style=\"text-align: center;\"><div id=\"metaslider-id-3460\" style=\"width: 100%; margin: 0 auto;\" class=\"ml-slider-3-90-1 metaslider metaslider-flex metaslider-3460 ml-slider ms-theme-default nav-hidden\" role=\"region\" aria-roledescription=\"Slideshow\" aria-label=\"Azienda Slide\">\n    <div id=\"metaslider_container_3460\">\n        <div id=\"metaslider_3460\">\n            <ul class='slides'>\n                <li style=\"display: none; width: 100%;\" class=\"slide-11590 ms-image \" aria-roledescription=\"slide\" aria-label=\"slide-11590\"><img loading=\"lazy\" decoding=\"async\" src=\"https:\/\/www.cadirajo.it\/wp-content\/uploads\/2022\/05\/azienda-ca-di-rajo.jpg\" height=\"500\" width=\"700\" alt=\"\" class=\"slider-3460 slide-11590\" title=\"azienda-ca-di-rajo\" \/><\/li>\n                <li style=\"display: none; width: 100%;\" class=\"slide-4029 ms-image \" aria-roledescription=\"slide\" aria-label=\"slide-4029\"><img loading=\"lazy\" decoding=\"async\" src=\"https:\/\/www.cadirajo.it\/wp-content\/uploads\/2019\/06\/fratelli-cadirajo.jpg\" height=\"500\" width=\"700\" alt=\"\" class=\"slider-3460 slide-4029\" title=\"fratelli-cadirajo\" \/><\/li>\n                <li style=\"display: none; width: 100%;\" class=\"slide-4031 ms-image \" aria-roledescription=\"slide\" aria-label=\"slide-4031\"><img loading=\"lazy\" decoding=\"async\" src=\"https:\/\/www.cadirajo.it\/wp-content\/uploads\/2019\/05\/botti-ca-di-rajo-700x500.jpg\" height=\"500\" width=\"700\" alt=\"\" class=\"slider-3460 slide-4031\" title=\"botti-ca-di-rajo\" \/><\/li>\n                <li style=\"display: none; width: 100%;\" class=\"slide-4033 ms-image \" aria-roledescription=\"slide\" aria-label=\"slide-4033\"><img loading=\"lazy\" decoding=\"async\" src=\"https:\/\/www.cadirajo.it\/wp-content\/uploads\/2019\/05\/ca-di-rajo-viticultura-700x500.jpg\" height=\"500\" width=\"700\" alt=\"Vigneti storici a Bellussera\" class=\"slider-3460 slide-4033\" title=\"Vigneti storici a Bellussera\" \/><\/li>\n                <li style=\"display: none; width: 100%;\" class=\"slide-4251 ms-image \" aria-roledescription=\"slide\" aria-label=\"slide-4251\"><img loading=\"lazy\" decoding=\"async\" src=\"https:\/\/www.cadirajo.it\/wp-content\/uploads\/2019\/06\/trattore-ca-di.rajo-bellussera-700x500.jpg\" height=\"500\" width=\"700\" alt=\"\" class=\"slider-3460 slide-4251\" title=\"trattore-ca-di.rajo-bellussera\" \/><\/li>\n            <\/ul>\n        <\/div>\n        \n    <\/div>\n<\/div>\n<p>[\/vc_column_text][\/vc_column][\/vc_row][vc_row][vc_column width=&#8221;2\/3&#8243;][vc_custom_heading text=&#8221;Storia di un territorio&#8221; font_container=&#8221;tag:h2|text_align:center&#8221;][vc_column_text css=&#8221;.vc_custom_1560938643484{margin-top: 70px !important;margin-bottom: 70px !important;}&#8221;]<\/p>\n<h3 style=\"text-align: left;\">Chiesetta del Carmine, Casa Convento e Torre di Rai.<\/h3>\n<p>[\/vc_column_text][\/vc_column][vc_column width=&#8221;1\/3&#8243;][\/vc_column][\/vc_row][vc_section full_width=&#8221;stretch_row&#8221; css=&#8221;.vc_custom_1557137310688{margin-bottom: 0px !important;padding-bottom: 0px !important;background-color: #f6efe7 !important;}&#8221; el_class=&#8221;ca-overflow-visible&#8221;][vc_row][vc_column width=&#8221;2\/3&#8243;][vc_column_text]La <strong>Chiesetta del Carmine<\/strong> con adiacente <strong>Casa Convento<\/strong> e la <strong>Torre di Rai<\/strong> sono simboli di grande interesse storico ed artistico, importanti per la storia di Rai e della campagna trevigiana che si estende da Conegliano a Oderzo, territorio su cui sorge <b>l\u2019azienda Ca\u2019 di Rajo.<\/b><\/p>\n<p><strong>La Chiesa e il Convento<\/strong> erano parte di un complesso claustrale di padri carmelitani e \u00a0vennero costruiti per volont\u00e0 di Rambaldo XII, conte di Collalto, nel XIV secolo. Gli edifici erano parte integrante del <strong>cortile di un grande castello<\/strong>, andato distrutto durante la Seconda Guerra Mondiale e di cui rimangono solamente i resti del muro della torre centrale.<\/p>\n<p>La <strong>chiesetta del Carmine<\/strong> invece si \u00e8 conservata in buono stato, pur subendo diverse inondazioni nel corso dei secoli.<\/p>\n<p>Una singolare incisione presente sullo spigolo interno del portone testimonia proprio uno di questi episodi con l\u2019acqua del fiume Piave che, nel 1567, giunse addirittura all\u2019altezza di 1,50 metri. \u00c8 ben conservata anche una parte del cortile interno dal quale si possono ammirare qualche pittura murale ed una meridiana, addossate alle pareti della chiesa; dal cortile ben appare anche il campanile, che era originariamente una torre di vedetta.<\/p>\n<p>I resti della <strong>torre di Rai<\/strong> svettano sulla cima di una collinetta a breve distanza dalla Chiesa: il rudere, circondato da alberi centenari e campi coltivati, \u00e8 immerso in una <strong>cornice bucolica<\/strong> che lo rende unico nel suo genere.<\/p>\n<p>La torre di Rai fu costruita per motivi strategico-militari nel X secolo su fondazioni romane e ha subito le maggiori devastazioni in epoca relativamente recente: una prima volta nel 1918 durante la ritirata Austriaca e una seconda nel 1925 a causa di un fulmine.<\/p>\n<p>Queste strutture sono parte integrante <b>dell\u2019azienda Ca\u2019 di Rajo<\/b> e sono sempre visitabili attraverso <strong><a href=\"https:\/\/www.cadirajo.it\/wine-tour\/\">percorsi guidati e degustazioni<\/a><\/strong>[\/vc_column_text][\/vc_column][vc_column width=&#8221;1\/3&#8243; css=&#8221;.vc_custom_1557137460634{margin-top: -110px !important;}&#8221;][vc_single_image image=&#8221;3428&#8243; img_size=&#8221;full&#8221; css=&#8221;.vc_custom_1560764402703{margin-bottom: 0px !important;}&#8221;][\/vc_column][\/vc_row][\/vc_section][vc_row][vc_column]<div class=\"container prefooter-social\">\n\t<div class=\"col-md-12 col-xs-12\">\n\t\t<h2>RESTA IN <a href='\/it\/contatti'>CONTATTO<\/a><br>CON CA\u2019 DI RAJO<\/h2>\n\t<\/div>\n\t<div class=\"col-md-4 col-xs-12 newsletter-column\">\n\t\t<h4>Iscriviti ora alla newsletter<\/h4>\n\t\t<p>Non perderti nulla dal mondo Ca\u2019 di Rajo.<\/p>\n\t\t<!-- Begin Mailchimp Signup Form -->\n<link href=\"\/\/cdn-images.mailchimp.com\/embedcode\/classic-10_7.css\" rel=\"stylesheet\" type=\"text\/css\">\n<style type=\"text\/css\">\n\t#mc_embed_signup{background:#fff; clear:left; font:14px Helvetica,Arial,sans-serif;  width:600px;}\n\t\/* Add your own Mailchimp form style overrides in your site stylesheet or in this style block.\n\t   We recommend moving this block and the preceding CSS link to the HEAD of your HTML file. *\/\n<\/style>\n<style type=\"text\/css\">\n\t#mc-embedded-subscribe-form input[type=checkbox]{display: inline; width: auto;margin-right: 10px;}\n\t#mergeRow-gdpr {margin-top: 20px;}\n\t#mergeRow-gdpr fieldset label {font-weight: normal;}\n\t#mc-embedded-subscribe-form .mc_fieldset{border:none;min-height: 0px;padding-bottom:0px;}\n<\/style>\n<div id=\"mc_embed_signup\">\n<form action=\"https:\/\/cadirajo.us17.list-manage.com\/subscribe\/post?u=549c8e35f3d628cbc7d230177&amp;id=bc5ddd714d\" method=\"post\" id=\"mc-embedded-subscribe-form\" name=\"mc-embedded-subscribe-form\" class=\"validate\" target=\"_blank\" novalidate>\n    <div id=\"mc_embed_signup_scroll\">\n\n<div class=\"indicates-required\"><span class=\"asterisk\">*<\/span> indicates required<\/div>\n<div class=\"mc-field-group\">\n\t<label for=\"mce-EMAIL\">Email  <span class=\"asterisk\">*<\/span>\n<\/label>\n\t<input type=\"email\" value=\"\" name=\"EMAIL\" class=\"required email\" id=\"mce-EMAIL\">\n<\/div>\n<div id=\"mergeRow-gdpr\" class=\"mergeRow gdpr-mergeRow content__gdprBlock mc-field-group\">\n    <div class=\"content__gdpr\">\n        <label>Autorizzazione Marketing<\/label>\n        <p>Ca' di Rajo utilizzer\u00e0 le informazioni fornite in questo modulo per rimanere in contatto con te e per comunicarti aggiornamenti e promozioni.<\/p>\n        <fieldset class=\"mc_fieldset gdprRequired mc-field-group\" name=\"interestgroup_field\">\n\t\t<label class=\"checkbox subfield\" for=\"gdpr_38700\"><input type=\"checkbox\" id=\"gdpr_38700\" name=\"gdpr[38700]\" value=\"Y\" class=\"av-checkbox gdpr\"><span>Email<\/span> <\/label><label class=\"checkbox subfield\" for=\"gdpr_38704\"><input type=\"checkbox\" id=\"gdpr_38704\" name=\"gdpr[38704]\" value=\"Y\" class=\"av-checkbox gdpr\"><span>Newsletter<\/span> <\/label><label class=\"checkbox subfield\" for=\"gdpr_39656\"><input type=\"checkbox\" id=\"gdpr_39656\" name=\"gdpr[39656]\" value=\"Y\" class=\"av-checkbox gdpr\"><span>Telefono<\/span> <\/label>\n        <\/fieldset>\n        <p>\u00c8 possibile annullare l'iscrizione in qualsiasi momento cliccando il link in fondo a questa e-mail. Per informazioni sulla nostra privacy policy, si prega di visitare il nostro sito web<\/p>\n    <\/div>\n    <div class=\"content__gdprLegal\">\n        <p>We use Mailchimp as our marketing platform. By clicking below to subscribe, you acknowledge that your information will be transferred to Mailchimp for processing. <a href=\"https:\/\/mailchimp.com\/legal\/terms\" target=\"_blank\">Learn more about Mailchimp's privacy practices here.<\/a><\/p>\n    <\/div>\n<\/div>\n\t<div id=\"mce-responses\" class=\"clear\">\n\t\t<div class=\"response\" id=\"mce-error-response\" style=\"display:none\"><\/div>\n\t\t<div class=\"response\" id=\"mce-success-response\" style=\"display:none\"><\/div>\n\t<\/div>    <!-- real people should not fill this in and expect good things - do not remove this or risk form bot signups-->\n    <div style=\"position: absolute; left: -5000px;\" aria-hidden=\"true\"><input type=\"text\" name=\"b_549c8e35f3d628cbc7d230177_bc5ddd714d\" tabindex=\"-1\" value=\"\"><\/div>\n    <div class=\"clear\"><input type=\"submit\" value=\"Subscribe\" name=\"subscribe\" id=\"mc-embedded-subscribe\" class=\"button\"><\/div>\n    <\/div>\n<\/form>\n<\/div>\n<script type='text\/javascript' src='\/\/s3.amazonaws.com\/downloads.mailchimp.com\/js\/mc-validate.js'><\/script><script type='text\/javascript'>(function($) {window.fnames = new Array(); window.ftypes = new Array();fnames[0]='EMAIL';ftypes[0]='email';fnames[1]='FNAME';ftypes[1]='text';fnames[2]='LNAME';ftypes[2]='text';fnames[3]='ADDRESS';ftypes[3]='address';fnames[4]='PHONE';ftypes[4]='phone';fnames[5]='BIRTHDAY';ftypes[5]='birthday';fnames[6]='MMERGE6';ftypes[6]='text';fnames[7]='MMERGE7';ftypes[7]='text';fnames[8]='MMERGE8';ftypes[8]='text';fnames[9]='MMERGE9';ftypes[9]='text'; \/*\n * Translated default messages for the $ validation plugin.\n * Locale: IT\n *\/\n$.extend($.validator.messages, {\n       required: \"Campo obbligatorio.\",\n       remote: \"Controlla questo campo.\",\n       email: \"Inserisci un indirizzo email valido.\",\n       url: \"Inserisci un indirizzo web valido.\",\n       date: \"Inserisci una data valida.\",\n       dateISO: \"Inserisci una data valida (ISO).\",\n       number: \"Inserisci un numero valido.\",\n       digits: \"Inserisci solo numeri.\",\n       creditcard: \"Inserisci un numero di carta di credito valido.\",\n       equalTo: \"Il valore non corrisponde.\",\n       accept: \"Inserisci un valore con un&apos;estensione valida.\",\n       maxlength: $.validator.format(\"Non inserire pi&ugrave; di {0} caratteri.\"),\n       minlength: $.validator.format(\"Inserisci almeno {0} caratteri.\"),\n       rangelength: $.validator.format(\"Inserisci un valore compreso tra {0} e {1} caratteri.\"),\n       range: $.validator.format(\"Inserisci un valore compreso tra {0} e {1}.\"),\n       max: $.validator.format(\"Inserisci un valore minore o uguale a {0}.\"),\n       min: $.validator.format(\"Inserisci un valore maggiore o uguale a {0}.\")\n});}(jQuery));var $mcj = jQuery.noConflict(true);<\/script>\n<!--End mc_embed_signup-->\n\t<\/div>\n\t<div class=\"col-md-4 col-xs-12\">\n\t\t<a class=\"hashtag\" href=\"https:\/\/www.instagram.com\/cadirajo.wines\/\" target=\"_blank\">@cadirajo.wines<\/a>\n\t\t<a class=\"follow-button\" href=\"https:\/\/www.instagram.com\/cadirajo.wines\/\" target=\"_blank\">Segui<\/a>\n\t\t\t<\/div>\n\t<div class=\"col-md-4 col-xs-12\">\n\t\t\t\t<div id=\"fb-root\"><\/div>\n\t\t<script>(function(e,a,f){var c,b=e.getElementsByTagName(a)[0];if(e.getElementById(f)){return}c=e.createElement(a);c.id=f;c.src=\"\/\/connect.facebook.net\/it_IT\/sdk.js#xfbml=1&version=v2.7\";b.parentNode.insertBefore(c,b)}(document,\"script\",\"facebook-jssdk\"));<\/script>\n\t\t<div class=\"fb-page\" data-href=\"https:\/\/www.facebook.com\/cadirajo.wines\/\" data-width=\"440px\" data-height=\"435px\" data-small-header=\"false\" data-adapt-container-width=\"true\" data-hide-cover=\"false\" data-show-facepile=\"true\">\n\t\t<blockquote cite=\"https:\/\/www.facebook.com\/cadirajo.wines\/\" class=\"fb-xfbml-parse-ignore\"><a href=\"https:\/\/www.facebook.com\/cadirajo.wines\/\">Ca' di Rajo Wines<\/a><\/blockquote><\/div>\n\t<\/div>\n<\/div>[\/vc_column][\/vc_row]<\/p>\n","protected":false},"excerpt":{"rendered":"[vc_row full_width=&#8221;stretch_row_content_no_spaces&#8221;][vc_column][rev_slider_vc alias=&#8221;azienda-it&#8221;][\/vc_column][\/vc_row][vc_row][vc_column][\/vc_column][\/vc_row][vc_row][vc_column width=&#8221;2\/3&#8243;][vc_custom_heading text=&#8221;Bilancio di Sostenibilit\u00e0&#8221; font_container=&#8221;tag:h2|text_align:center&#8221;][vc_column_text css=&#8221;.vc_custom_1747401927183{margin-top: 70px !important;margin-bottom: 70px !important;}&#8221;]Il Bilancio di Sostenibilit\u00e0 rappresenta non solo un punto di arrivo ma, soprattutto, un punto di partenza verso un futuro in cui eccellenza, responsabilit\u00e0 e innovazione si fondono per creare un impatto positivo sul mondo che ci circonda. Benessere del dipendente, sicurezza sul [&hellip;]","protected":false},"author":3,"featured_media":0,"parent":0,"menu_order":0,"comment_status":"closed","ping_status":"closed","template":"template-with-container.php","meta":{"footnotes":""},"class_list":["post-3174","page","type-page","status-publish","hentry"],"yoast_head":"<!-- This site is optimized with the Yoast SEO plugin v23.3 - https:\/\/yoast.com\/wordpress\/plugins\/seo\/ -->\n<title>Azienda agricola Ca&#039; di Rajo, produzione e vitigni autoctoni<\/title>\n<meta name=\"description\" content=\"L&#039;azienda agricola Ca&#039; di Rajo \u00e8 una realt\u00e0 votata alla produzione di vini spumanti e variet\u00e0 autoctone del territorio del fiume Piave.\" \/>\n<meta name=\"robots\" content=\"index, follow, max-snippet:-1, max-image-preview:large, max-video-preview:-1\" \/>\n<link rel=\"canonical\" href=\"https:\/\/www.cadirajo.it\/it\/cantina\/\" \/>\n<meta property=\"og:locale\" content=\"it_IT\" \/>\n<meta property=\"og:type\" content=\"article\" \/>\n<meta property=\"og:title\" content=\"Azienda agricola Ca&#039; di Rajo, produzione e vitigni autoctoni\" \/>\n<meta property=\"og:description\" content=\"L&#039;azienda agricola Ca&#039; di Rajo \u00e8 una realt\u00e0 votata alla produzione di vini spumanti e variet\u00e0 autoctone del territorio del fiume Piave.\" \/>\n<meta property=\"og:url\" content=\"https:\/\/www.cadirajo.it\/it\/cantina\/\" \/>\n<meta property=\"og:site_name\" content=\"Ca&#039; di Rajo Vini\" \/>\n<meta property=\"article:modified_time\" content=\"2025-05-16T13:25:31+00:00\" \/>\n<meta name=\"twitter:card\" content=\"summary_large_image\" \/>\n<meta name=\"twitter:label1\" content=\"Tempo di lettura stimato\" \/>\n\t<meta name=\"twitter:data1\" content=\"5 minuti\" \/>\n<script type=\"application\/ld+json\" class=\"yoast-schema-graph\">{\"@context\":\"https:\/\/schema.org\",\"@graph\":[{\"@type\":\"WebPage\",\"@id\":\"https:\/\/www.cadirajo.it\/it\/cantina\/\",\"url\":\"https:\/\/www.cadirajo.it\/it\/cantina\/\",\"name\":\"Azienda agricola Ca' di Rajo, produzione e vitigni autoctoni\",\"isPartOf\":{\"@id\":\"https:\/\/www.cadirajo.it\/it\/#website\"},\"datePublished\":\"2019-04-23T08:19:10+00:00\",\"dateModified\":\"2025-05-16T13:25:31+00:00\",\"description\":\"L'azienda agricola Ca' di Rajo \u00e8 una realt\u00e0 votata alla produzione di vini spumanti e variet\u00e0 autoctone del territorio del fiume Piave.\",\"breadcrumb\":{\"@id\":\"https:\/\/www.cadirajo.it\/it\/cantina\/#breadcrumb\"},\"inLanguage\":\"it-IT\",\"potentialAction\":[{\"@type\":\"ReadAction\",\"target\":[\"https:\/\/www.cadirajo.it\/it\/cantina\/\"]}]},{\"@type\":\"BreadcrumbList\",\"@id\":\"https:\/\/www.cadirajo.it\/it\/cantina\/#breadcrumb\",\"itemListElement\":[{\"@type\":\"ListItem\",\"position\":1,\"name\":\"Home\",\"item\":\"https:\/\/www.cadirajo.it\/it\/\"},{\"@type\":\"ListItem\",\"position\":2,\"name\":\"La Cantina\"}]},{\"@type\":\"WebSite\",\"@id\":\"https:\/\/www.cadirajo.it\/it\/#website\",\"url\":\"https:\/\/www.cadirajo.it\/it\/\",\"name\":\"Ca&#039; di Rajo Vini\",\"description\":\"Raggio d&#039;ingegno\",\"potentialAction\":[{\"@type\":\"SearchAction\",\"target\":{\"@type\":\"EntryPoint\",\"urlTemplate\":\"https:\/\/www.cadirajo.it\/it\/?s={search_term_string}\"},\"query-input\":\"required name=search_term_string\"}],\"inLanguage\":\"it-IT\"}]}<\/script>\n<!-- \/ Yoast SEO plugin. -->","yoast_head_json":{"title":"Azienda agricola Ca' di Rajo, produzione e vitigni autoctoni","description":"L'azienda agricola Ca' di Rajo \u00e8 una realt\u00e0 votata alla produzione di vini spumanti e variet\u00e0 autoctone del territorio del fiume Piave.","robots":{"index":"index","follow":"follow","max-snippet":"max-snippet:-1","max-image-preview":"max-image-preview:large","max-video-preview":"max-video-preview:-1"},"canonical":"https:\/\/www.cadirajo.it\/it\/cantina\/","og_locale":"it_IT","og_type":"article","og_title":"Azienda agricola Ca' di Rajo, produzione e vitigni autoctoni","og_description":"L'azienda agricola Ca' di Rajo \u00e8 una realt\u00e0 votata alla produzione di vini spumanti e variet\u00e0 autoctone del territorio del fiume Piave.","og_url":"https:\/\/www.cadirajo.it\/it\/cantina\/","og_site_name":"Ca&#039; di Rajo Vini","article_modified_time":"2025-05-16T13:25:31+00:00","twitter_card":"summary_large_image","twitter_misc":{"Tempo di lettura stimato":"5 minuti"},"schema":{"@context":"https:\/\/schema.org","@graph":[{"@type":"WebPage","@id":"https:\/\/www.cadirajo.it\/it\/cantina\/","url":"https:\/\/www.cadirajo.it\/it\/cantina\/","name":"Azienda agricola Ca' di Rajo, produzione e vitigni autoctoni","isPartOf":{"@id":"https:\/\/www.cadirajo.it\/it\/#website"},"datePublished":"2019-04-23T08:19:10+00:00","dateModified":"2025-05-16T13:25:31+00:00","description":"L'azienda agricola Ca' di Rajo \u00e8 una realt\u00e0 votata alla produzione di vini spumanti e variet\u00e0 autoctone del territorio del fiume Piave.","breadcrumb":{"@id":"https:\/\/www.cadirajo.it\/it\/cantina\/#breadcrumb"},"inLanguage":"it-IT","potentialAction":[{"@type":"ReadAction","target":["https:\/\/www.cadirajo.it\/it\/cantina\/"]}]},{"@type":"BreadcrumbList","@id":"https:\/\/www.cadirajo.it\/it\/cantina\/#breadcrumb","itemListElement":[{"@type":"ListItem","position":1,"name":"Home","item":"https:\/\/www.cadirajo.it\/it\/"},{"@type":"ListItem","position":2,"name":"La Cantina"}]},{"@type":"WebSite","@id":"https:\/\/www.cadirajo.it\/it\/#website","url":"https:\/\/www.cadirajo.it\/it\/","name":"Ca&#039; di Rajo Vini","description":"Raggio d&#039;ingegno","potentialAction":[{"@type":"SearchAction","target":{"@type":"EntryPoint","urlTemplate":"https:\/\/www.cadirajo.it\/it\/?s={search_term_string}"},"query-input":"required name=search_term_string"}],"inLanguage":"it-IT"}]}},"jetpack_sharing_enabled":true,"_links":{"self":[{"href":"https:\/\/www.cadirajo.it\/it\/wp-json\/wp\/v2\/pages\/3174"}],"collection":[{"href":"https:\/\/www.cadirajo.it\/it\/wp-json\/wp\/v2\/pages"}],"about":[{"href":"https:\/\/www.cadirajo.it\/it\/wp-json\/wp\/v2\/types\/page"}],"author":[{"embeddable":true,"href":"https:\/\/www.cadirajo.it\/it\/wp-json\/wp\/v2\/users\/3"}],"replies":[{"embeddable":true,"href":"https:\/\/www.cadirajo.it\/it\/wp-json\/wp\/v2\/comments?post=3174"}],"version-history":[{"count":14,"href":"https:\/\/www.cadirajo.it\/it\/wp-json\/wp\/v2\/pages\/3174\/revisions"}],"predecessor-version":[{"id":14632,"href":"https:\/\/www.cadirajo.it\/it\/wp-json\/wp\/v2\/pages\/3174\/revisions\/14632"}],"wp:attachment":[{"href":"https:\/\/www.cadirajo.it\/it\/wp-json\/wp\/v2\/media?parent=3174"}],"curies":[{"name":"wp","href":"https:\/\/api.w.org\/{rel}","templated":true}]}}