{"id":13049,"date":"2023-08-25T09:31:59","date_gmt":"2023-08-25T07:31:59","guid":{"rendered":"https:\/\/www.cadirajo.it\/?page_id=13049"},"modified":"2024-01-19T12:04:04","modified_gmt":"2024-01-19T11:04:04","slug":"condizioni-di-vendita","status":"publish","type":"page","link":"https:\/\/www.cadirajo.it\/it\/condizioni-di-vendita\/","title":{"rendered":"Condizioni di vendita"},"content":{"rendered":"<h3><strong>Procedura d\u2019acquisto<\/strong><\/h3>\n<p>Ciascun ordine inviato costituisce un\u2019offerta per l\u2019acquisto dei prodotti. La Societ\u00e0 Ca\u2019 di Rajo Group Srl (prossimamente abbreviato in Ca\u2019 di Rajo), in quanto proprietaria dell&#8217;Azienda Agricola Ca&#8217; di Rajo s.s., si riserva il diritto, a suo insindacabile giudizio, di accettare o meno l\u2019Ordine previo accertamento sulla disponibilit\u00e0 del prodotto oggetto della proposta, alle condizioni riportate nella stessa. L\u2019Utente deve selezionare i prodotti e completare il check-out, dopo aver verificato attentamente le informazioni contenute nel riepilogo d\u2019ordine. L\u2019ordine \u00e8 effettuato mediante la conferma dello stesso ed \u00e8 subordinato al pagamento del prezzo, delle imposte e delle spese di spedizione e di pagamento indicate nel modulo di Riepilogo dell\u2019Ordine. La conclusione del contratto avviene al momento dell\u2019invio della Conferma e spedizione d\u2019Ordine da parte di Ca\u2019 di Rajo all\u2019indirizzo email fornito dall\u2019Utente. Ca\u2019 di Rajo si riserva la possibilit\u00e0 di non confermare un ordine, comunicando all&#8217;Utente entro 5 giorni lavorativi dall&#8217;inserimento dell&#8217;ordine, all&#8217;indirizzo email associato al suo acquisto, l&#8217;eventuale indisponibilit\u00e0 di uno o pi\u00f9 dei prodotti acquistati. In questo caso Ca\u2019 di Rajo provveder\u00e0 al rimborso del prezzo e delle eventuali spese di spedizione sostenute dall&#8217;Utente.<\/p>\n<h3><strong>Servizio di assistenza clienti<\/strong><\/h3>\n<p>Il servizio clienti sar\u00e0 disponibile dal luned\u00ec al venerd\u00ec dalle 9:00 alle 18:00 e risponder\u00e0 alle richieste dei clienti attraverso il numero 0422855885.<\/p>\n<p>Il servizio di assistenza clienti si riserva, per l\u2019evasione e la corretta gestione delle richieste, un termine massimo di 72 ore lavorative.<\/p>\n<p>Eventuali richieste pervenute durante le giornate di festivit\u00e0 saranno evase nel primo giorno utile.<\/p>\n<h3><strong>Modalit\u00e0 di pagamento<\/strong><\/h3>\n<p>Ca\u2019 di Rajo utilizza strumenti terzi per l&#8217;elaborazione dei pagamenti e non entra in alcun modo in contatto con dati di pagamento \u2013 come quelli relativi alla carta di credito \u2013 forniti.<\/p>\n<p>Eventuali costi di gestione di pagamenti dell\u2019Utente non accettati saranno addebitati all\u2019Utente.<\/p>\n<p>Tutti i Prezzi si intendono comprensivi di IVA ed espressi in Euro.<\/p>\n<p>Il Prezzo totale risultante al termine dell\u2019Ordine \u00e8 comprensivo delle spese di spedizione, ove previste.<\/p>\n<p>Al fine di garantire la sicurezza dei pagamenti effettuati, Ca\u2019 di Rajo utilizza come gateway di pagamento sicuro (SSL) PayPal e Stripe attraverso il quale \u00e8 possibile interfacciarsi con i principali circuiti di pagamento, tra cui Amex, Mastercard, Visa, PostePay.<\/p>\n<p>Le condizioni d\u2019uso del servizio PayPal sono disponibili al seguente link.<\/p>\n<p>Le condizioni d\u2019uso del servizio Stripe sono disponibili al seguente link.<\/p>\n<p>All\u2019interno del nostro shop, potrai effettuare i tuoi acquisti attraverso diversi sistemi di pagamento:<\/p>\n<ul>\n<li>Carta di credito<\/li>\n<li>Paypal<\/li>\n<li>Google Pay e Apple Pay<\/li>\n<li>Bonifico Bancario<\/li>\n<\/ul>\n<p>In caso di pagamento tramite conto PayPal, durante l&#8217;acquisto, Ca\u2019 di Rajo memorizzer\u00e0 un codice di riconoscimento abbinato al conto PayPal del cliente, che autorizza Ca\u2019 di Rajo ad un utilizzo esclusivo legato a futuri acquisti.<\/p>\n<p>\u00c9 possibile revocare in qualsiasi momento l\u2019autorizzazione suddetta, contattando direttamente Ca\u2019 di Rajo.<\/p>\n<h3><strong>Riserva di propriet\u00e0<\/strong><\/h3>\n<p>Sino al completo pagamento del prezzo dei prodotti ordinati, i prodotti restano di propriet\u00e0 del produttore.<\/p>\n<h3><strong>Disponibilit\u00e0 dei prodotti<\/strong><\/h3>\n<p>I prezzi, le descrizioni o la disponibilit\u00e0 dei prodotti esposti sono soggetti a modifica senza preavviso da parte del produttore fermo restando che il prezzo addebitato all\u2019utente sar\u00e0 quello pubblicato sulla scheda informativa del prodotto al momento dell\u2019invio dell\u2019ordine.<\/p>\n<p>Le foto inserite sono indicative e potrebbero non costituire rappresentazione esatta dei prodotti.<\/p>\n<p>In ogni caso di indisponibilit\u00e0 del Prodotto ordinato, fatti salvi i diritti attribuiti all\u2019utente dalla legge, e, in particolare, dal Capo XIV del Titolo II del Libro IV del codice civile, l\u2019utente sar\u00e0 prontamente informato per e-mail o per telefono. L\u2019utente sar\u00e0, quindi, legittimato a risolvere il contratto, ai sensi e per gli effetti di quanto previsto dall\u2019art. 61, IV e V comma, del Codice del Consumo. Nel caso in cui l\u2019utente si avvalga del diritto di risoluzione ex art. 61, IV e V comma, Codice del Consumo ovvero in ogni caso in cui il pagamento dell\u2019Importo Totale Dovuto sia gi\u00e0 avvenuto, Ca\u2019 di Rajo effettuer\u00e0 il rimborso di tale importo senza indebito ritardo e, in ogni caso, entro il termine massimo di 15 giorni lavorativi dalla data di incasso. Tale importo di norma sar\u00e0 accreditato sullo stesso mezzo di pagamento utilizzato dall\u2019utente per l\u2019acquisto o il diverso mezzo concordato tra l\u2019utente e Ca\u2019 di Rajo. Eventuali ritardi nell\u2019accredito possono dipendere dall\u2019istituto bancario, dal tipo di carta di credito o dalla soluzione di pagamento utilizzata.<\/p>\n<h3><strong>Esecuzione dell&#8217;Ordine<\/strong><\/h3>\n<p>L&#8217;Ordine viene eseguito nei termini precisati nella pagina di riepilogo e nella email di Conferma e spedizione d\u2019Ordine, con riserva della disponibilit\u00e0 del prodotto ordinato. Ca\u2019 di Rajo non potr\u00e0 ritenersi responsabile per danni subiti dall\u2019Utente a causa di ritardi nella consegna che non siano dipendenti da circostanze prevedibili dalle parti al momento dell\u2019invio della Conferma e spedizione d\u2019Ordine.<\/p>\n<h3><strong>Spedizione<\/strong><\/h3>\n<p>I costi di spedizione variano a seconda della dimensione, del peso e della destinazione degli articoli scelti e delle promozioni di marketing.<\/p>\n<p>E\u2032 prevista anche la spedizione gratuita per ordini superiori a una certa soglia di spesa, in base alla destinazione.<\/p>\n<p>Le consegne verranno effettuate attraverso il corriere SDA. Si precisa che i tempi di consegna sono solo indicativi e vengono calcolati dal giorno di spedizione.<\/p>\n<p>Ca\u2019 di Rajo non si assume la responsabilit\u00e0 per ritardi di consegna, ma si impegna a ridurre al minimo eventuali inconvenienti.<\/p>\n<h3><strong>Tracciabilit\u00e0 dell\u2032ordine<\/strong><\/h3>\n<p>Dopo aver effettuato un ordine, riceverai una e-mail contenente tutti i dettagli del tuo acquisto. Se desiderassi ulteriori informazioni, non esitare a metterti in contatto con noi attraverso la mail shop@cadirajo.it. La spedizione viene effettuata entro il giorno lavorativo successivo alla data dell\u2032ordine. Non appena il pacco viene consegnato al corriere, inizia la sua tracciabilit\u00e0 telematica e viene stimato il giorno di arrivo. Puoi seguire l\u2032andamento della consegna, accedendo alla pagina di monitoraggio del corriere, tramite il link che ti invieremo.<\/p>\n<h3><strong>Consegna<\/strong><\/h3>\n<p>Le consegne vengono effettuate durante i normali orari lavorativi all&#8217;indirizzo indicato dall\u2019Utente e secondo le modalit\u00e0 specificate nel riepilogo dell\u2019ordine.<\/p>\n<p>Spetta all\u2019utente verificare le condizioni del Prodotto che gli \u00e8 stato consegnato. Fermo restando che il rischio di perdita o danneggiamento dei Prodotti, per causa non imputabile a Ca\u2019 di Rajo \u00e8 trasferito all\u2019utente quando l\u2019utente, o un terzo dallo stesso designato e diverso dal vettore, entra materialmente in possesso del Prodotto. Si raccomanda all\u2019utente di verificare il numero di Prodotti ricevuti e che l&#8217;imballo risulti integro, non danneggiato, n\u00e9 bagnato o comunque alterato, anche nei materiali di chiusura e lo si invita, nel suo interesse, a indicare sul documento di trasporto del vettore, eventuali anomalie, accettando il pacco con riserva. Il ricevimento senza riserve dei Prodotti, infatti, non consente all\u2019utente di agire in giudizio nei confronti del corriere, nel caso di perdita o danneggiamento dei Prodotti, tranne nel caso in cui la perdita o il danneggiamento siano dovuti a dolo o colpa grave del corriere stesso e fatta eccezione per la perdita parziale o il danneggiamento non riconoscibili al momento della consegna, purch\u00e9 in quest\u2019ultimo caso, il danno sia denunciato appena conosciuto e non oltre otto giorni dopo il ricevimento. Nel caso in cui la confezione presenti evidenti segni di manomissione o alterazione, si raccomanda inoltre all\u2019utente di darne pronta comunicazione al Servizio Clienti di Ca\u2019 di Rajo. Resta ferma, in ogni caso, l\u2019applicazione delle norme in materia di diritto di recesso e di garanzia legale di conformit\u00e0.<\/p>\n<p>In caso di mancato ritiro entro il termine stabilito dal vettore, i prodotti verranno restituiti a Ca\u2019 di Rajo, che rimborser\u00e0 il prezzo dei prodotti comprensivo dei costi di spedizione. Ca\u2019 di Rajo non pu\u00f2 essere ritenuta responsabile per errori nella consegna dovuti a inesattezze o incompletezze nella compilazione dell\u2019ordine d\u2019acquisto da parte dell&#8217;Utente, per danni eventualmente occorsi ai Prodotti successivamente alla consegna al vettore, ove quest\u2019ultimo sia stato scelto ed incaricato dall\u2019Utente o per ritardi nella consegna a quest\u2019ultimo imputabili.<\/p>\n<h3><strong>Diritto di recesso<\/strong><\/h3>\n<p>In caso di acquisto di prodotti o servizi sulla Piattaforma l\u2019Utente ha il diritto di recedere dal contratto senza indicarne le ragioni, entro 14 giorni. Il periodo di recesso scade dopo 14 giorni dal giorno in cui l\u2019Utente o un terzo \u2013 diverso dal vettore e designato dall\u2019Utente \u2013 acquisisce il possesso fisico dei beni.<\/p>\n<p>Per esercitare il diritto di recesso, l\u2019Utente \u00e8 tenuto a informare Ca\u2019 di Rajo della decisione di recedere tramite una dichiarazione esplicita inviata ai contatti indicati e prima della scadenza del periodo di recesso. Per esercitare il diritto di recesso l\u2019utente deve inviare una mail all\u2019indirizzo: shop@cadirajo.it con una dichiarazione esplicita della sua decisione di recedere dal contratto (Dichiarazione di Recesso). Poich\u00e9 l\u2019onere della prova relativa all\u2019esercizio del diritto di recesso prima della scadenza del Periodo di Recesso \u00e8 a carico dell&#8217;utente, \u00e8 nell\u2019interesse dell\u2019utente conservare copia della mail inviata a Ca\u2019 di Rajo con la Dichiarazione del Recesso.<\/p>\n<h3><strong>Effetti del recesso<\/strong><\/h3>\n<p>Se l\u2019Utente recede dal presente contratto, gli saranno rimborsati tutti i pagamenti che ha effettuato a favore di Ca\u2019 di Rajo, compresi i costi di consegna (ad eccezione dei costi supplementari derivanti dalla eventuale scelta di un tipo di consegna diverso con servizi accessori richiesti) senza indebito ritardo e in ogni caso non oltre 14 giorni dal giorno in cui Ca\u2019 di Rajo \u00e8 informata della decisione dell\u2019Utente di recedere dal presente contratto. Detti rimborsi saranno effettuati utilizzando lo stesso mezzo di pagamento usato dall\u2019Utente per la transazione iniziale, salvo che l\u2019Utente non abbia espressamente convenuto altrimenti; in ogni caso l\u2019Utente non dovr\u00e0 sostenere alcun costo come conseguenza di tale rimborso. Il rimborso pu\u00f2 essere sospeso fino al ricevimento dei beni.<\/p>\n<p>L\u2019Utente \u00e8 pregato di rispedire i beni e di consegnarli al Produttore senza indebiti ritardi e in ogni caso entro 14 giorni dal giorno in cui ha comunicato il recesso dal presente contratto. Il termine \u00e8 rispettato se l\u2019Utente rispedisce i beni prima della scadenza del periodo di 14 giorni. I costi della restituzione dei beni saranno a carico dell\u2019Utente, salvo diversi accordi.<\/p>\n<h3><strong>Limitazioni al diritto di recesso<\/strong><\/h3>\n<p>I prodotti resi che risultino danneggiati o usati in modo diverso e ulteriore rispetto a quanto strettamente necessario per stabilirne la natura, le caratteristiche ed il funzionamento saranno rimborsati previa detrazione della diminuzione di valore conseguente al danneggiamento od utilizzo. Il rimborso \u00e8 escluso quando la diminuzione di valore \u00e8 totale.<\/p>\n<p>Il diritto di recesso, ai sensi dell&#8217;art. 59 del Codice del Consumo, \u00e8 in ogni caso escluso in relazione a:<\/p>\n<ul>\n<li>i beni confezionati su misura o chiaramente personalizzati;<\/li>\n<li>la fornitura di beni che rischiano di deteriorarsi o scadere rapidamente;<\/li>\n<li>la fornitura di beni sigillati che non si prestano ad essere restituiti per motivi igienici o connessi alla protezione della salute e sono stati aperti dopo la consegna.<\/li>\n<\/ul>\n<h3><strong>Applicabilit\u00e0 delle clausole sul recesso<\/strong><\/h3>\n<p>Le clausole che riguardano l&#8217;esercizio del diritto di recesso, nonch\u00e9 le relative conseguenze ed eccezioni, si applicano esclusivamente all\u2019Utente che sia qualificabile come consumatore, cio\u00e8 all&#8217;Utente che agisce per scopi estranei alla propria attivit\u00e0 imprenditoriale e professionale.<\/p>\n<h3><strong>Risarcimento e limitazione di responsabilit\u00e0<\/strong><\/h3>\n<h4><strong>Manleva<\/strong><\/h4>\n<p>L&#8217;Utente si impegna a mantenere indenne Ca\u2019 di Rajo (nonch\u00e9 le eventuali societ\u00e0 dallo stesso controllate o affiliate, i suoi rappresentanti, amministratori, agenti, licenziatari, partner e dipendenti), da qualsiasi obbligo o responsabilit\u00e0, incluse le eventuali spese legali sostenute per difendersi in giudizio, che dovessero sorgere a fronte di danni provocati ad altri Utenti o a terzi, in relazione ai contenuti caricati online, alla violazione della legge o dei termini delle presenti condizioni di servizio.<\/p>\n<h4><strong>Limitazioni di responsabilit\u00e0<\/strong><\/h4>\n<p>Ca\u2019 di Rajo e\/o il produttore e tutte le funzionalit\u00e0 accessibili attraverso la Piattaforma vengono messe a disposizione degli Utenti, ai termini e alle condizioni di cui al Contratto, senza alcuna garanzia, esplicita o implicita, che non sia obbligatoria per legge. In particolare, non viene fornita alcuna garanzia d\u2019idoneit\u00e0 dei servizi offerti per gli scopi particolari che si prefigge l\u2019Utente.<\/p>\n<p>L\u2019uso della Piattaforma e delle funzionalit\u00e0 accessibili attraverso la Piattaforma \u00e8 effettuato dagli Utenti a proprio rischio e sotto la propria responsabilit\u00e0.<\/p>\n<p>In particolare Ca\u2019 di Rajo, nei limiti del diritto applicabile, risponde per i danni di natura contrattuale ed extracontrattuale nei confronti di Utenti e terzi esclusivamente a titolo di dolo o colpa grave quando questi costituiscono conseguenza immediata e diretta dell\u2019attivit\u00e0 di Ca\u2019 di Rajo. Pertanto, Ca\u2019 di Rajo non sar\u00e0 responsabile per:<\/p>\n<ul>\n<li>eventuali perdite che non siano conseguenza diretta della violazione del Contratto da parte di Ca\u2019 di Rajo;<\/li>\n<li>ogni perdita di opportunit\u00e0 commerciale e qualsiasi altra perdita, anche indiretta, eventualmente subita dall&#8217;Utente (quali, a titolo esemplificativo e non esaustivo, perdite commerciali, perdita di ricavi, introiti, profitti o risparmi presunti, perdita di contratti o di relazioni commerciali, perdita della reputazione o del valore di avviamento etc.);<\/li>\n<li>danni o perdite derivanti da interruzioni o malfunzionamenti della Piattaforma dovuti ad eventi di forza maggiore o, comunque, ad eventi imprevisti ed imprevedibili e, comunque, indipendenti dalla volont\u00e0 ed estranei alla sfera di controllo di Ca\u2019 di Rajo quali, a titolo esemplificativo e non esaustivo, guasti o interruzioni alle linee telefoniche o elettriche, alla rete internet e\/o comunque ad altri strumenti di trasmissione, indisponibilit\u00e0 di siti web, scioperi, eventi naturali, virus ed attacchi informatici, interruzioni nell\u2019erogazione di prodotti, servizi o applicazioni di terze parti; ed<\/li>\n<li>errato o inidoneo utilizzo della Piattaforma da parte degli Utenti o di terzi.<\/li>\n<\/ul>\n<h3><strong>Disposizioni comuni<\/strong><\/h3>\n<h4><strong>Requisiti di et\u00e0<\/strong><\/h4>\n<p>Gli Utenti dichiarano di essere maggiorenni secondo la legislazione loro applicabile. In nessun caso minori di 13 anni possono usare la piattaforma.<\/p>\n<h4><strong>Condizioni per la ricezione delle consegne<\/strong><\/h4>\n<p>L\u2019Utente che effettua l\u2019acquisto tramite la piattaforma, inoltre, dichiara e garantisce che chi ricever\u00e0 la spedizione dei prodotti acquistati sia maggiorenne secondo la legislazione a quest\u2019ultimo applicabile.<\/p>\n<h4><strong>Legge applicabile e Foro competente<\/strong><\/h4>\n<p>I presenti Termini e tutte le controversie in merito ad esecuzione, interpretazione e validit\u00e0 del presente contratto sono soggette alla legge, alla giurisdizione dello Stato italiano e alla competenza esclusiva del foro di Treviso. Nei casi in cui la legge lo preveda, il foro inderogabile sar\u00e0 quello di residenza del consumatore.<\/p>\n<h4><strong>Risoluzione delle controversie<\/strong><\/h4>\n<p>Ca\u2019 di Rajo \u00e8 disponibile a rispondere ad ogni quesito inoltrato via email all\u2019indirizzo pubblicato nel presente documento.<\/p>\n","protected":false},"excerpt":{"rendered":"Procedura d\u2019acquisto Ciascun ordine inviato costituisce un\u2019offerta per l\u2019acquisto dei prodotti. La Societ\u00e0 Ca\u2019 di Rajo Group Srl (prossimamente abbreviato in Ca\u2019 di Rajo), in quanto proprietaria dell&#8217;Azienda Agricola Ca&#8217; di Rajo s.s., si riserva il diritto, a suo insindacabile giudizio, di accettare o meno l\u2019Ordine previo accertamento sulla disponibilit\u00e0 del prodotto oggetto della proposta, [&hellip;]","protected":false},"author":3,"featured_media":0,"parent":0,"menu_order":0,"comment_status":"closed","ping_status":"closed","template":"","meta":{"footnotes":""},"class_list":["post-13049","page","type-page","status-publish","hentry"],"yoast_head":"<!-- This site is optimized with the Yoast SEO plugin v23.3 - https:\/\/yoast.com\/wordpress\/plugins\/seo\/ -->\n<title>Condizioni di vendita shop vini Ca&#039; di Rajo<\/title>\n<meta name=\"description\" content=\"Elenco delle condizioni di vendita adottate dallo shop online di vini Ca&#039; di Rajo per garantire la massima trasparenza e sicurezza\" \/>\n<meta name=\"robots\" content=\"index, follow, max-snippet:-1, max-image-preview:large, max-video-preview:-1\" \/>\n<link rel=\"canonical\" href=\"https:\/\/www.cadirajo.it\/it\/condizioni-di-vendita\/\" \/>\n<meta property=\"og:locale\" content=\"it_IT\" \/>\n<meta property=\"og:type\" content=\"article\" \/>\n<meta property=\"og:title\" content=\"Condizioni di vendita shop vini Ca&#039; di Rajo\" \/>\n<meta property=\"og:description\" content=\"Elenco delle condizioni di vendita adottate dallo shop online di vini Ca&#039; di Rajo per garantire la massima trasparenza e sicurezza\" \/>\n<meta property=\"og:url\" content=\"https:\/\/www.cadirajo.it\/it\/condizioni-di-vendita\/\" \/>\n<meta property=\"og:site_name\" content=\"Ca&#039; di Rajo Vini\" \/>\n<meta property=\"article:modified_time\" content=\"2024-01-19T11:04:04+00:00\" \/>\n<meta name=\"twitter:card\" content=\"summary_large_image\" \/>\n<meta name=\"twitter:label1\" content=\"Tempo di lettura stimato\" \/>\n\t<meta name=\"twitter:data1\" content=\"13 minuti\" \/>\n<script type=\"application\/ld+json\" class=\"yoast-schema-graph\">{\"@context\":\"https:\/\/schema.org\",\"@graph\":[{\"@type\":\"WebPage\",\"@id\":\"https:\/\/www.cadirajo.it\/it\/condizioni-di-vendita\/\",\"url\":\"https:\/\/www.cadirajo.it\/it\/condizioni-di-vendita\/\",\"name\":\"Condizioni di vendita shop vini Ca' di Rajo\",\"isPartOf\":{\"@id\":\"https:\/\/www.cadirajo.it\/it\/#website\"},\"datePublished\":\"2023-08-25T07:31:59+00:00\",\"dateModified\":\"2024-01-19T11:04:04+00:00\",\"description\":\"Elenco delle condizioni di vendita adottate dallo shop online di vini Ca' di Rajo per garantire la massima trasparenza e sicurezza\",\"breadcrumb\":{\"@id\":\"https:\/\/www.cadirajo.it\/it\/condizioni-di-vendita\/#breadcrumb\"},\"inLanguage\":\"it-IT\",\"potentialAction\":[{\"@type\":\"ReadAction\",\"target\":[\"https:\/\/www.cadirajo.it\/it\/condizioni-di-vendita\/\"]}]},{\"@type\":\"BreadcrumbList\",\"@id\":\"https:\/\/www.cadirajo.it\/it\/condizioni-di-vendita\/#breadcrumb\",\"itemListElement\":[{\"@type\":\"ListItem\",\"position\":1,\"name\":\"Home\",\"item\":\"https:\/\/www.cadirajo.it\/it\/\"},{\"@type\":\"ListItem\",\"position\":2,\"name\":\"Condizioni di vendita\"}]},{\"@type\":\"WebSite\",\"@id\":\"https:\/\/www.cadirajo.it\/it\/#website\",\"url\":\"https:\/\/www.cadirajo.it\/it\/\",\"name\":\"Ca&#039; di Rajo Vini\",\"description\":\"Raggio d&#039;ingegno\",\"potentialAction\":[{\"@type\":\"SearchAction\",\"target\":{\"@type\":\"EntryPoint\",\"urlTemplate\":\"https:\/\/www.cadirajo.it\/it\/?s={search_term_string}\"},\"query-input\":\"required name=search_term_string\"}],\"inLanguage\":\"it-IT\"}]}<\/script>\n<!-- \/ Yoast SEO plugin. -->","yoast_head_json":{"title":"Condizioni di vendita shop vini Ca' di Rajo","description":"Elenco delle condizioni di vendita adottate dallo shop online di vini Ca' di Rajo per garantire la massima trasparenza e sicurezza","robots":{"index":"index","follow":"follow","max-snippet":"max-snippet:-1","max-image-preview":"max-image-preview:large","max-video-preview":"max-video-preview:-1"},"canonical":"https:\/\/www.cadirajo.it\/it\/condizioni-di-vendita\/","og_locale":"it_IT","og_type":"article","og_title":"Condizioni di vendita shop vini Ca' di Rajo","og_description":"Elenco delle condizioni di vendita adottate dallo shop online di vini Ca' di Rajo per garantire la massima trasparenza e sicurezza","og_url":"https:\/\/www.cadirajo.it\/it\/condizioni-di-vendita\/","og_site_name":"Ca&#039; di Rajo Vini","article_modified_time":"2024-01-19T11:04:04+00:00","twitter_card":"summary_large_image","twitter_misc":{"Tempo di lettura stimato":"13 minuti"},"schema":{"@context":"https:\/\/schema.org","@graph":[{"@type":"WebPage","@id":"https:\/\/www.cadirajo.it\/it\/condizioni-di-vendita\/","url":"https:\/\/www.cadirajo.it\/it\/condizioni-di-vendita\/","name":"Condizioni di vendita shop vini Ca' di Rajo","isPartOf":{"@id":"https:\/\/www.cadirajo.it\/it\/#website"},"datePublished":"2023-08-25T07:31:59+00:00","dateModified":"2024-01-19T11:04:04+00:00","description":"Elenco delle condizioni di vendita adottate dallo shop online di vini Ca' di Rajo per garantire la massima trasparenza e sicurezza","breadcrumb":{"@id":"https:\/\/www.cadirajo.it\/it\/condizioni-di-vendita\/#breadcrumb"},"inLanguage":"it-IT","potentialAction":[{"@type":"ReadAction","target":["https:\/\/www.cadirajo.it\/it\/condizioni-di-vendita\/"]}]},{"@type":"BreadcrumbList","@id":"https:\/\/www.cadirajo.it\/it\/condizioni-di-vendita\/#breadcrumb","itemListElement":[{"@type":"ListItem","position":1,"name":"Home","item":"https:\/\/www.cadirajo.it\/it\/"},{"@type":"ListItem","position":2,"name":"Condizioni di vendita"}]},{"@type":"WebSite","@id":"https:\/\/www.cadirajo.it\/it\/#website","url":"https:\/\/www.cadirajo.it\/it\/","name":"Ca&#039; di Rajo Vini","description":"Raggio d&#039;ingegno","potentialAction":[{"@type":"SearchAction","target":{"@type":"EntryPoint","urlTemplate":"https:\/\/www.cadirajo.it\/it\/?s={search_term_string}"},"query-input":"required name=search_term_string"}],"inLanguage":"it-IT"}]}},"jetpack_sharing_enabled":true,"_links":{"self":[{"href":"https:\/\/www.cadirajo.it\/it\/wp-json\/wp\/v2\/pages\/13049"}],"collection":[{"href":"https:\/\/www.cadirajo.it\/it\/wp-json\/wp\/v2\/pages"}],"about":[{"href":"https:\/\/www.cadirajo.it\/it\/wp-json\/wp\/v2\/types\/page"}],"author":[{"embeddable":true,"href":"https:\/\/www.cadirajo.it\/it\/wp-json\/wp\/v2\/users\/3"}],"replies":[{"embeddable":true,"href":"https:\/\/www.cadirajo.it\/it\/wp-json\/wp\/v2\/comments?post=13049"}],"version-history":[{"count":6,"href":"https:\/\/www.cadirajo.it\/it\/wp-json\/wp\/v2\/pages\/13049\/revisions"}],"predecessor-version":[{"id":13644,"href":"https:\/\/www.cadirajo.it\/it\/wp-json\/wp\/v2\/pages\/13049\/revisions\/13644"}],"wp:attachment":[{"href":"https:\/\/www.cadirajo.it\/it\/wp-json\/wp\/v2\/media?parent=13049"}],"curies":[{"name":"wp","href":"https:\/\/api.w.org\/{rel}","templated":true}]}}